{"id":11798,"date":"2026-04-02T02:34:53","date_gmt":"2026-04-02T02:34:53","guid":{"rendered":"http:\/\/ielektronik.pl\/index.php\/product\/ugreen-ec305-usb-c-usb-30w-czarna\/"},"modified":"2026-04-07T09:54:41","modified_gmt":"2026-04-07T09:54:41","slug":"ugreen-ec305-usb-c-usb-30w-czarna","status":"publish","type":"product","link":"https:\/\/swiatrtv.pl\/index.php\/product\/ugreen-ec305-usb-c-usb-30w-czarna\/","title":{"rendered":"Ugreen EC305 USB-C + USB, 30W czarna"},"content":{"rendered":"<div class=\"print:block!\">\n<div data-name=\"specsGroup\" class=\"mb-3 lg:mb-5 print:mb-8\">\n<h4 class=\"mb-1 p-1 text-left text-base font-semibold xl:p-2\">Dane techniczne<\/h4>\n<div class=\"grid grid-cols-2 text-sm odd:bg-white even:bg-gray-magnolia\">\n<div class=\"relative flex space-x-2 p-1 xl:p-2\"><span>Producent<\/span><!----><\/div>\n<div class=\"wrap-text p-1 font-semibold xl:p-2\">\n<p>UGREEN<\/span><\/a><\/p>\n<\/div>\n<\/div>\n<div class=\"grid grid-cols-2 text-sm odd:bg-white even:bg-gray-magnolia\">\n<div class=\"relative flex space-x-2 p-1 xl:p-2\"><span>Gwarancja<\/span><\/p>\n<div data-role=\"tooltip\" class=\"group\/tooltip relative z-10 flex h-fit items-center print:hidden\"><i class=\"i-information text-blue-clear i-information\"><\/i><\/p>\n<div class=\"tooltip-text w-52 lg:w-64 -right-2 translate-x-full tooltip-right\">\n<div>Okres gwarancyjny dotyczy konsument\u00f3w kupuj\u0105cych produkt na w\u0142asny u\u017cytek. Szczeg\u00f3\u0142owe informacje na temat ogranicze\u0144 i wy\u0142\u0105cze\u0144 gwarancji znajduj\u0105 si\u0119 w regulaminie<\/a>.<\/div>\n<\/div>\n<\/div>\n<\/div>\n<div class=\"wrap-text p-1 font-semibold xl:p-2\">\n<p><span class=\"block\">2 lata w serwisie zewn\u0119trznym<\/span><\/p>\n<\/div>\n<\/div>\n<div class=\"grid grid-cols-2 text-sm odd:bg-white even:bg-gray-magnolia\">\n<div class=\"relative flex space-x-2 p-1 xl:p-2\"><span>Typ<\/span><!----><\/div>\n<div class=\"wrap-text p-1 font-semibold xl:p-2\">\n<p><=\"\/search-filter\/7282\/ladowarki-samochodowe\" class=\"underline\"><span class=\"block\">samochodowa<\/span><\/a><\/p>\n<\/div>\n<\/div>\n<div class=\"grid grid-cols-2 text-sm odd:bg-white even:bg-gray-magnolia\">\n<div class=\"relative flex space-x-2 p-1 xl:p-2\"><span>Zasilanie<\/span><!----><\/div>\n<div class=\"wrap-text p-1 font-semibold xl:p-2\">\n<p><span class=\"block\">12 V &#8211; gniazdo zapalniczki samochodowej<\/span><\/p>\n<p><span class=\"block\">24 V &#8211; gniazdo zapalniczki samochodowej<\/span><\/p>\n<\/div>\n<\/div>\n<div class=\"grid grid-cols-2 text-sm odd:bg-white even:bg-gray-magnolia\">\n<div class=\"relative flex space-x-2 p-1 xl:p-2\"><span>Standard<\/span><!----><\/div>\n<div class=\"wrap-text p-1 font-semibold xl:p-2\">\n<p><span class=\"block\">USB-A<\/span><\/p>\n<p><span class=\"block\">USB-C<\/span><\/p>\n<\/div>\n<\/div>\n<div class=\"grid grid-cols-2 text-sm odd:bg-white even:bg-gray-magnolia\">\n<div class=\"relative flex space-x-2 p-1 xl:p-2\"><span>Interfejs<\/span><!----><\/div>\n<div class=\"wrap-text p-1 font-semibold xl:p-2\">\n<p><span class=\"block\">1 x USB 2.0<\/span><\/p>\n<p><=\"\/search-filter\/7282\/ladowarki-usb-c\" class=\"underline\"><span class=\"block\">1 x USB-C<\/span><\/a><\/p>\n<\/div>\n<\/div>\n<div class=\"grid grid-cols-2 text-sm odd:bg-white even:bg-gray-magnolia\">\n<div class=\"relative flex space-x-2 p-1 xl:p-2\"><span>Napi\u0119cie wej\u015bciowe<\/span><!----><\/div>\n<div class=\"wrap-text p-1 font-semibold xl:p-2\">\n<p><span class=\"block\">12 &#8211; 24 V DC<\/span><\/p>\n<\/div>\n<\/div>\n<div class=\"grid grid-cols-2 text-sm odd:bg-white even:bg-gray-magnolia\">\n<div class=\"relative flex space-x-2 p-1 xl:p-2\"><span>Moc<\/span><!----><\/div>\n<div class=\"wrap-text p-1 font-semibold xl:p-2\">\n<p><span class=\"block\">30 W<\/span><\/p>\n<\/div>\n<\/div>\n<div class=\"grid grid-cols-2 text-sm odd:bg-white even:bg-gray-magnolia\">\n<div class=\"relative flex space-x-2 p-1 xl:p-2\"><span>Ilo\u015b\u0107 \u0142adowanych urz\u0105dze\u0144<\/span><!----><\/div>\n<div class=\"wrap-text p-1 font-semibold xl:p-2\">\n<p><span class=\"block\">2 szt.<\/span><\/p>\n<\/div>\n<\/div>\n<div class=\"grid grid-cols-2 text-sm odd:bg-white even:bg-gray-magnolia\">\n<div class=\"relative flex space-x-2 p-1 xl:p-2\"><span>Zabezpieczenia przed<\/span><!----><\/div>\n<div class=\"wrap-text p-1 font-semibold xl:p-2\">\n<p><span class=\"block\">kr\u00f3tkimi spi\u0119ciami<\/span><\/p>\n<p><span class=\"block\">przegrzaniem<\/span><\/p>\n<p><span class=\"block\">przepi\u0119ciem<\/span><\/p>\n<p><span class=\"block\">prze\u0142adowaniem<\/span><\/p>\n<\/div>\n<\/div>\n<div class=\"grid grid-cols-2 text-sm odd:bg-white even:bg-gray-magnolia\">\n<div class=\"relative flex space-x-2 p-1 xl:p-2\"><span>Kolor<\/span><!----><\/div>\n<div class=\"wrap-text p-1 font-semibold xl:p-2\">\n<p><span class=\"block\">czarny<\/span><\/p>\n<\/div>\n<\/div>\n<div class=\"grid grid-cols-2 text-sm odd:bg-white even:bg-gray-magnolia\">\n<div class=\"relative flex space-x-2 p-1 xl:p-2\"><span>Model<\/span><!----><\/div>\n<div class=\"wrap-text p-1 font-semibold xl:p-2\">\n<p><span class=\"block\">Ugreen EC305<\/span><\/p>\n<\/div>\n<\/div>\n<\/div>\n<div data-name=\"specsGroup\" class=\"mb-3 lg:mb-5 print:mb-8\">\n<h4 class=\"mb-1 p-1 text-left text-base font-semibold xl:p-2\">Producent<\/h4>\n<div class=\"grid grid-cols-2 text-sm odd:bg-white even:bg-gray-magnolia\">\n<div class=\"relative flex space-x-2 p-1 xl:p-2\"><span>Nazwa producenta \/ importera<\/span><!----><\/div>\n<div class=\"wrap-text p-1 font-semibold xl:p-2\">\n<p><span class=\"block\"><span id=\"id\">UGREEN<\/span><br \/>\n                <span id=\"name\">EU REP: Ugreen Group GmbH<\/span><br \/>\n                <span id=\"street\">Prinzenallee 1<\/span><br \/>\n                <span id=\"postalCode\">40549<\/span> <span id=\"city\">D\u00fcsseldorf<\/span><br \/>\n                <span id=\"country\">Niemcy <\/span><br \/>\n                <span id=\"countryCode\"><\/span><br \/>\n                <span id=\"email\">Email: support@ugreen.com <\/span><\/span><\/p>\n<\/div>\n<\/div>\n<\/div>\n<\/div>\n","protected":false},"excerpt":{"rendered":"<p><!----><\/p>\n<div class=\"mt-4 first:mt-0\"><span>Moc: <\/span><span class=\"font-semibold\">30 W<\/span><\/div>\n<div class=\"mt-4 first:mt-0\"><span>Kolor: <\/span><span class=\"font-semibold\">czarny<\/span><\/div>\n<div data-spacer=\"\"><\/div>\n","protected":false},"featured_media":11799,"comment_status":"open","ping_status":"open","template":"","meta":{"_acf_changed":false},"product_brand":[345],"product_cat":[323],"product_tag":[],"class_list":{"0":"post-11798","1":"product","2":"type-product","3":"status-publish","4":"has-post-thumbnail","6":"product_brand-ugreen","7":"product_cat-ladowarki-do-telefonow","8":"pa_moc-30-w","9":"pa_stan-nowy","11":"first","12":"instock","13":"sold-individually","14":"taxable","15":"shipping-taxable","16":"purchasable","17":"product-type-simple"},"acf":[],"_links":{"self":[{"href":"https:\/\/swiatrtv.pl\/index.php\/wp-json\/wp\/v2\/product\/11798","targetHints":{"allow":["GET"]}}],"collection":[{"href":"https:\/\/swiatrtv.pl\/index.php\/wp-json\/wp\/v2\/product"}],"about":[{"href":"https:\/\/swiatrtv.pl\/index.php\/wp-json\/wp\/v2\/types\/product"}],"replies":[{"embeddable":true,"href":"https:\/\/swiatrtv.pl\/index.php\/wp-json\/wp\/v2\/comments?post=11798"}],"wp:featuredmedia":[{"embeddable":true,"href":"https:\/\/swiatrtv.pl\/index.php\/wp-json\/wp\/v2\/media\/11799"}],"wp:attachment":[{"href":"https:\/\/swiatrtv.pl\/index.php\/wp-json\/wp\/v2\/media?parent=11798"}],"wp:term":[{"taxonomy":"product_brand","embeddable":true,"href":"https:\/\/swiatrtv.pl\/index.php\/wp-json\/wp\/v2\/product_brand?post=11798"},{"taxonomy":"product_cat","embeddable":true,"href":"https:\/\/swiatrtv.pl\/index.php\/wp-json\/wp\/v2\/product_cat?post=11798"},{"taxonomy":"product_tag","embeddable":true,"href":"https:\/\/swiatrtv.pl\/index.php\/wp-json\/wp\/v2\/product_tag?post=11798"}],"curies":[{"name":"wp","href":"https:\/\/api.w.org\/{rel}","templated":true}]}}