{"id":11812,"date":"2026-04-02T02:35:03","date_gmt":"2026-04-02T02:35:03","guid":{"rendered":"http:\/\/ielektronik.pl\/index.php\/product\/gembird-mini-pd-usb-qc3-0-type-c-20w-bialy\/"},"modified":"2026-04-07T09:54:41","modified_gmt":"2026-04-07T09:54:41","slug":"gembird-mini-pd-usb-qc3-0-type-c-20w-bialy","status":"publish","type":"product","link":"https:\/\/swiatrtv.pl\/index.php\/product\/gembird-mini-pd-usb-qc3-0-type-c-20w-bialy\/","title":{"rendered":"Gembird mini PD USB QC3.0 Type-C 20W bia\u0142y"},"content":{"rendered":"<div class=\"print:block!\">\n<div data-name=\"specsGroup\" class=\"mb-3 lg:mb-5 print:mb-8\">\n<h4 class=\"mb-1 p-1 text-left text-base font-semibold xl:p-2\">Dane techniczne<\/h4>\n<div class=\"grid grid-cols-2 text-sm odd:bg-white even:bg-gray-magnolia\">\n<div class=\"relative flex space-x-2 p-1 xl:p-2\"><span>Producent<\/span><!----><\/div>\n<div class=\"wrap-text p-1 font-semibold xl:p-2\">\n<p>Gembird<\/span><\/a><\/p>\n<\/div>\n<\/div>\n<div class=\"grid grid-cols-2 text-sm odd:bg-white even:bg-gray-magnolia\">\n<div class=\"relative flex space-x-2 p-1 xl:p-2\"><span>Gwarancja<\/span><!----><\/div>\n<div class=\"wrap-text p-1 font-semibold xl:p-2\">\n<p><span class=\"block\">2 lata w serwisie sprzedawcy<\/span><\/p>\n<\/div>\n<\/div>\n<div class=\"grid grid-cols-2 text-sm odd:bg-white even:bg-gray-magnolia\">\n<div class=\"relative flex space-x-2 p-1 xl:p-2\"><span>Typ<\/span><!----><\/div>\n<div class=\"wrap-text p-1 font-semibold xl:p-2\">\n<p><=\"\/search-filter\/7282\/ladowarki-sieciowe\" class=\"underline\"><span class=\"block\">sieciowa<\/span><\/a><\/p>\n<\/div>\n<\/div>\n<div class=\"grid grid-cols-2 text-sm odd:bg-white even:bg-gray-magnolia\">\n<div class=\"relative flex space-x-2 p-1 xl:p-2\"><span>Standard Quick Charge<\/span><!----><\/div>\n<div class=\"wrap-text p-1 font-semibold xl:p-2\">\n<p><span class=\"block\">3.0<\/span><\/p>\n<\/div>\n<\/div>\n<div class=\"grid grid-cols-2 text-sm odd:bg-white even:bg-gray-magnolia\">\n<div class=\"relative flex space-x-2 p-1 xl:p-2\"><span>Pasuje do<\/span><!----><\/div>\n<div class=\"wrap-text p-1 font-semibold xl:p-2\">\n<p><=\"\/search-filter\/7282\/ladowarki-do-iphone\" class=\"underline\"><span class=\"block\">Apple<\/span><\/a><\/p>\n<\/div>\n<\/div>\n<div class=\"grid grid-cols-2 text-sm odd:bg-white even:bg-gray-magnolia\">\n<div class=\"relative flex space-x-2 p-1 xl:p-2\"><span>Zasilanie<\/span><!----><\/div>\n<div class=\"wrap-text p-1 font-semibold xl:p-2\">\n<p><span class=\"block\">sieciowe<\/span><\/p>\n<\/div>\n<\/div>\n<div class=\"grid grid-cols-2 text-sm odd:bg-white even:bg-gray-magnolia\">\n<div class=\"relative flex space-x-2 p-1 xl:p-2\"><span>Power Delivery<\/span><!----><\/div>\n<div class=\"wrap-text p-1 font-semibold xl:p-2\">\n<p><span class=\"block\">tak<\/span><\/p>\n<\/div>\n<\/div>\n<div class=\"grid grid-cols-2 text-sm odd:bg-white even:bg-gray-magnolia\">\n<div class=\"relative flex space-x-2 p-1 xl:p-2\"><span>Standard<\/span><!----><\/div>\n<div class=\"wrap-text p-1 font-semibold xl:p-2\">\n<p><span class=\"block\">USB-A<\/span><\/p>\n<p><span class=\"block\">USB-C<\/span><\/p>\n<\/div>\n<\/div>\n<div class=\"grid grid-cols-2 text-sm odd:bg-white even:bg-gray-magnolia\">\n<div class=\"relative flex space-x-2 p-1 xl:p-2\"><span>Interfejs<\/span><!----><\/div>\n<div class=\"wrap-text p-1 font-semibold xl:p-2\">\n<p><span class=\"block\">1 x USB 3.0<\/span><\/p>\n<p><=\"\/search-filter\/7282\/ladowarki-usb-c\" class=\"underline\"><span class=\"block\">1 x USB-C<\/span><\/a><\/p>\n<\/div>\n<\/div>\n<div class=\"grid grid-cols-2 text-sm odd:bg-white even:bg-gray-magnolia\">\n<div class=\"relative flex space-x-2 p-1 xl:p-2\"><span>Napi\u0119cie wej\u015bciowe<\/span><!----><\/div>\n<div class=\"wrap-text p-1 font-semibold xl:p-2\">\n<p><span class=\"block\">100 &#8211; 240 V<\/span><\/p>\n<\/div>\n<\/div>\n<div class=\"grid grid-cols-2 text-sm odd:bg-white even:bg-gray-magnolia\">\n<div class=\"relative flex space-x-2 p-1 xl:p-2\"><span>Napi\u0119cie wyj\u015bciowe<\/span><!----><\/div>\n<div class=\"wrap-text p-1 font-semibold xl:p-2\">\n<p><span class=\"block\">USB-A: 5.0 V &#8211; 3.0 A, 9.0 V &#8211; 2.0 A, 12.0 V &#8211; 1.5 A (maks. 18 W)<br \/>USB-C: 5.0 V &#8211; 3.0 A, 9.0 V &#8211; 2.22 A, 12.0 V &#8211; 1.67 A (maks. 20 W)<br \/>USB-A+C: 5.0 V &#8211; 3.0 A (maks. 15 W)<\/span><\/p>\n<\/div>\n<\/div>\n<div class=\"grid grid-cols-2 text-sm odd:bg-white even:bg-gray-magnolia\">\n<div class=\"relative flex space-x-2 p-1 xl:p-2\"><span>Nat\u0119\u017cenie pr\u0105du wyj\u015bciowego<\/span><!----><\/div>\n<div class=\"wrap-text p-1 font-semibold xl:p-2\">\n<p><span class=\"block\">1.5 A<\/span><\/p>\n<p><span class=\"block\">1.67 A<\/span><\/p>\n<p><span class=\"block\">2.0 A<\/span><\/p>\n<p><span class=\"block\">2.22 A<\/span><\/p>\n<p><span class=\"block\">3.0 A<\/span><\/p>\n<\/div>\n<\/div>\n<div class=\"grid grid-cols-2 text-sm odd:bg-white even:bg-gray-magnolia\">\n<div class=\"relative flex space-x-2 p-1 xl:p-2\"><span>Moc<\/span><!----><\/div>\n<div class=\"wrap-text p-1 font-semibold xl:p-2\">\n<p><span class=\"block\">20 W<\/span><\/p>\n<\/div>\n<\/div>\n<div class=\"grid grid-cols-2 text-sm odd:bg-white even:bg-gray-magnolia\">\n<div class=\"relative flex space-x-2 p-1 xl:p-2\"><span>Cz\u0119stotliwo\u015b\u0107<\/span><!----><\/div>\n<div class=\"wrap-text p-1 font-semibold xl:p-2\">\n<p><span class=\"block\">50 \u2013 60 Hz<\/span><\/p>\n<\/div>\n<\/div>\n<div class=\"grid grid-cols-2 text-sm odd:bg-white even:bg-gray-magnolia\">\n<div class=\"relative flex space-x-2 p-1 xl:p-2\"><span>Zabezpieczenia przed<\/span><!----><\/div>\n<div class=\"wrap-text p-1 font-semibold xl:p-2\">\n<p><span class=\"block\">przegrzaniem<\/span><\/p>\n<p><span class=\"block\">przepi\u0119ciem<\/span><\/p>\n<p><span class=\"block\">prze\u0142adowaniem<\/span><\/p>\n<p><span class=\"block\">zwarciem<\/span><\/p>\n<\/div>\n<\/div>\n<div class=\"grid grid-cols-2 text-sm odd:bg-white even:bg-gray-magnolia\">\n<div class=\"relative flex space-x-2 p-1 xl:p-2\"><span>Kolor<\/span><!----><\/div>\n<div class=\"wrap-text p-1 font-semibold xl:p-2\">\n<p><span class=\"block\">bia\u0142y<\/span><\/p>\n<\/div>\n<\/div>\n<div class=\"grid grid-cols-2 text-sm odd:bg-white even:bg-gray-magnolia\">\n<div class=\"relative flex space-x-2 p-1 xl:p-2\"><span>Dodatkowe informacje<\/span><!----><\/div>\n<div class=\"wrap-text p-1 font-semibold xl:p-2\">\n<p><span class=\"block\">obs\u0142uga Power Delivery<\/span><\/p>\n<\/div>\n<\/div>\n<div class=\"grid grid-cols-2 text-sm odd:bg-white even:bg-gray-magnolia\">\n<div class=\"relative flex space-x-2 p-1 xl:p-2\"><span>Model<\/span><!----><\/div>\n<div class=\"wrap-text p-1 font-semibold xl:p-2\">\n<p><span class=\"block\">Gembird TA-UC-PDQC20-W-01<\/span><\/p>\n<\/div>\n<\/div>\n<\/div>\n<div data-name=\"specsGroup\" class=\"mb-3 lg:mb-5 print:mb-8\">\n<h4 class=\"mb-1 p-1 text-left text-base font-semibold xl:p-2\">Producent<\/h4>\n<div class=\"grid grid-cols-2 text-sm odd:bg-white even:bg-gray-magnolia\">\n<div class=\"relative flex space-x-2 p-1 xl:p-2\"><span>Nazwa producenta \/ importera<\/span><!----><\/div>\n<div class=\"wrap-text p-1 font-semibold xl:p-2\">\n<p><span class=\"block\"><span id=\"id\">Gembird<\/span><br \/>\n                <span id=\"name\">Gembird Europe BV<\/span><br \/>\n                <span id=\"street\">56 Wittevrouwen<\/span><br \/>\n                <span id=\"postalCode\">1358CD<\/span> <span id=\"city\">Almere<\/span><br \/>\n                <span id=\"country\">Holandia<\/span><br \/>\n                <span id=\"countryCode\">NL<\/span><br \/>\n                <span id=\"email\">Email: helpdesk@gembird.nl<\/span><\/span><\/p>\n<\/div>\n<\/div>\n<\/div>\n<\/div>\n","protected":false},"excerpt":{"rendered":"<p><!----><\/p>\n<div class=\"mt-4 first:mt-0\"><span>Standard Quick Charge: <\/span><span class=\"font-semibold\">3.0<\/span><\/div>\n<div class=\"mt-4 first:mt-0\"><span>Pasuje do: <\/span><span class=\"font-semibold\">Apple<\/span><\/div>\n<div class=\"mt-4 first:mt-0\"><span>Moc: <\/span><span class=\"font-semibold\">20 W<\/span><\/div>\n<div class=\"mt-4 first:mt-0\"><span>Kolor: <\/span><span class=\"font-semibold\">bia\u0142y<\/span><\/div>\n<div data-spacer=\"\"><\/div>\n","protected":false},"featured_media":11813,"comment_status":"open","ping_status":"open","template":"","meta":{"_acf_changed":false},"product_brand":[331],"product_cat":[323],"product_tag":[],"class_list":{"0":"post-11812","1":"product","2":"type-product","3":"status-publish","4":"has-post-thumbnail","6":"product_brand-gembird","7":"product_cat-ladowarki-do-telefonow","8":"pa_moc-20-w","9":"pa_model-telefonu-apple","10":"pa_stan-nowy","12":"first","13":"instock","14":"sold-individually","15":"taxable","16":"shipping-taxable","17":"purchasable","18":"product-type-simple"},"acf":[],"_links":{"self":[{"href":"https:\/\/swiatrtv.pl\/index.php\/wp-json\/wp\/v2\/product\/11812","targetHints":{"allow":["GET"]}}],"collection":[{"href":"https:\/\/swiatrtv.pl\/index.php\/wp-json\/wp\/v2\/product"}],"about":[{"href":"https:\/\/swiatrtv.pl\/index.php\/wp-json\/wp\/v2\/types\/product"}],"replies":[{"embeddable":true,"href":"https:\/\/swiatrtv.pl\/index.php\/wp-json\/wp\/v2\/comments?post=11812"}],"wp:featuredmedia":[{"embeddable":true,"href":"https:\/\/swiatrtv.pl\/index.php\/wp-json\/wp\/v2\/media\/11813"}],"wp:attachment":[{"href":"https:\/\/swiatrtv.pl\/index.php\/wp-json\/wp\/v2\/media?parent=11812"}],"wp:term":[{"taxonomy":"product_brand","embeddable":true,"href":"https:\/\/swiatrtv.pl\/index.php\/wp-json\/wp\/v2\/product_brand?post=11812"},{"taxonomy":"product_cat","embeddable":true,"href":"https:\/\/swiatrtv.pl\/index.php\/wp-json\/wp\/v2\/product_cat?post=11812"},{"taxonomy":"product_tag","embeddable":true,"href":"https:\/\/swiatrtv.pl\/index.php\/wp-json\/wp\/v2\/product_tag?post=11812"}],"curies":[{"name":"wp","href":"https:\/\/api.w.org\/{rel}","templated":true}]}}