{"id":16075,"date":"2026-04-02T15:30:40","date_gmt":"2026-04-02T15:30:40","guid":{"rendered":"http:\/\/ielektronik.pl\/index.php\/product\/baseus-magnetic-mini-5000mah-20w-czarny-oferta-outlet-2\/"},"modified":"2026-04-07T09:49:25","modified_gmt":"2026-04-07T09:49:25","slug":"baseus-magnetic-mini-5000mah-20w-czarny-oferta-outlet-2","status":"publish","type":"product","link":"https:\/\/swiatrtv.pl\/index.php\/product\/baseus-magnetic-mini-5000mah-20w-czarny-oferta-outlet-2\/","title":{"rendered":"Baseus Magnetic Mini 5000mAh 20W czarny [oferta Outlet]"},"content":{"rendered":"<div class=\"print:block!\">\n<div data-name=\"specsGroup\" class=\"mb-3 lg:mb-5 print:mb-8\">\n<h4 class=\"mb-1 p-1 text-left text-base font-semibold xl:p-2\">Dane techniczne<\/h4>\n<div class=\"grid grid-cols-2 text-sm odd:bg-white even:bg-gray-magnolia\">\n<div class=\"relative flex space-x-2 p-1 xl:p-2\"><span>Producent<\/span><!----><\/div>\n<div class=\"wrap-text p-1 font-semibold xl:p-2\">\n<p>Baseus<\/span><\/a><\/p>\n<\/div>\n<\/div>\n<div class=\"grid grid-cols-2 text-sm odd:bg-white even:bg-gray-magnolia\">\n<div class=\"relative flex space-x-2 p-1 xl:p-2\"><span>Gwarancja<\/span><!----><\/div>\n<div class=\"wrap-text p-1 font-semibold xl:p-2\">\n<p><span class=\"block\">2 lata w serwisie sprzedawcy<\/span><\/p>\n<\/div>\n<\/div>\n<div class=\"grid grid-cols-2 text-sm odd:bg-white even:bg-gray-magnolia\">\n<div class=\"relative flex space-x-2 p-1 xl:p-2\"><span>Grupa produktowa<\/span><!----><\/div>\n<div class=\"wrap-text p-1 font-semibold xl:p-2\">\n<p>span class=&#8221;block&#8221;>Powerbanki Baseus<\/span><\/a><\/p>\n<\/div>\n<\/div>\n<div class=\"grid grid-cols-2 text-sm odd:bg-white even:bg-gray-magnolia\">\n<div class=\"relative flex space-x-2 p-1 xl:p-2\"><span>Rodzaj produktu<\/span><!----><\/div>\n<div class=\"wrap-text p-1 font-semibold xl:p-2\">\n<p><span class=\"block\">PowerBank<\/span><\/p>\n<\/div>\n<\/div>\n<div class=\"grid grid-cols-2 text-sm odd:bg-white even:bg-gray-magnolia\">\n<div class=\"relative flex space-x-2 p-1 xl:p-2\"><span>Standard \u0142adowania bezprzewodowego<\/span><!----><\/div>\n<div class=\"wrap-text p-1 font-semibold xl:p-2\">\n<p><span class=\"block\">Qi<\/span><\/p>\n<\/div>\n<\/div>\n<div class=\"grid grid-cols-2 text-sm odd:bg-white even:bg-gray-magnolia\">\n<div class=\"relative flex space-x-2 p-1 xl:p-2\"><span>Technologia<\/span><!----><\/div>\n<div class=\"wrap-text p-1 font-semibold xl:p-2\">\n<p><span class=\"block\">litowo-polimerowa<\/span><\/p>\n<\/div>\n<\/div>\n<div class=\"grid grid-cols-2 text-sm odd:bg-white even:bg-gray-magnolia\">\n<div class=\"relative flex space-x-2 p-1 xl:p-2\"><span>Napi\u0119cie maksymalne<\/span><!----><\/div>\n<div class=\"wrap-text p-1 font-semibold xl:p-2\">\n<p><span class=\"block\">12 V<\/span><\/p>\n<\/div>\n<\/div>\n<div class=\"grid grid-cols-2 text-sm odd:bg-white even:bg-gray-magnolia\">\n<div class=\"relative flex space-x-2 p-1 xl:p-2\"><span>Moc<\/span><!----><\/div>\n<div class=\"wrap-text p-1 font-semibold xl:p-2\">\n<p><span class=\"block\">20 W<\/span><\/p>\n<\/div>\n<\/div>\n<div class=\"grid grid-cols-2 text-sm odd:bg-white even:bg-gray-magnolia\">\n<div class=\"relative flex space-x-2 p-1 xl:p-2\"><span>Spos\u00f3b zasilania<\/span><!----><\/div>\n<div class=\"wrap-text p-1 font-semibold xl:p-2\">\n<p><span class=\"block\">sieciowe<\/span><\/p>\n<\/div>\n<\/div>\n<div class=\"grid grid-cols-2 text-sm odd:bg-white even:bg-gray-magnolia\">\n<div class=\"relative flex space-x-2 p-1 xl:p-2\"><span>Kolor<\/span><!----><\/div>\n<div class=\"wrap-text p-1 font-semibold xl:p-2\">\n<p><span class=\"block\">czarny<\/span><\/p>\n<\/div>\n<\/div>\n<\/div>\n<div data-name=\"specsGroup\" class=\"mb-3 lg:mb-5 print:mb-8\">\n<h4 class=\"mb-1 p-1 text-left text-base font-semibold xl:p-2\">Dane techniczne<\/h4>\n<div class=\"grid grid-cols-2 text-sm odd:bg-white even:bg-gray-magnolia\">\n<div class=\"relative flex space-x-2 p-1 xl:p-2\"><span>Spos\u00f3b \u0142adowania<\/span><!----><\/div>\n<div class=\"wrap-text p-1 font-semibold xl:p-2\">\n<p><span class=\"block\">bezprzewodowe<\/span><\/p>\n<p><span class=\"block\">przewodowe<\/span><\/p>\n<\/div>\n<\/div>\n<div class=\"grid grid-cols-2 text-sm odd:bg-white even:bg-gray-magnolia\">\n<div class=\"relative flex space-x-2 p-1 xl:p-2\"><span>Napi\u0119cie nominalne<\/span><!----><\/div>\n<div class=\"wrap-text p-1 font-semibold xl:p-2\">\n<p><span class=\"block\">5 V<\/span><\/p>\n<\/div>\n<\/div>\n<div class=\"grid grid-cols-2 text-sm odd:bg-white even:bg-gray-magnolia\">\n<div class=\"relative flex space-x-2 p-1 xl:p-2\"><span>Nat\u0119\u017cenie pr\u0105du wyj\u015bciowego<\/span><!----><\/div>\n<div class=\"wrap-text p-1 font-semibold xl:p-2\">\n<p><span class=\"block\">2.0 A<\/span><\/p>\n<p><span class=\"block\">3.0 A<\/span><\/p>\n<\/div>\n<\/div>\n<div class=\"grid grid-cols-2 text-sm odd:bg-white even:bg-gray-magnolia\">\n<div class=\"relative flex space-x-2 p-1 xl:p-2\"><span>Pojemno\u015b\u0107 typowa<\/span><!----><\/div>\n<div class=\"wrap-text p-1 font-semibold xl:p-2\">\n<p><span class=\"block\">5000 mAh<\/span><\/p>\n<\/div>\n<\/div>\n<div class=\"grid grid-cols-2 text-sm odd:bg-white even:bg-gray-magnolia\">\n<div class=\"relative flex space-x-2 p-1 xl:p-2\"><span>Szeroko\u015b\u0107<\/span><!----><\/div>\n<div class=\"wrap-text p-1 font-semibold xl:p-2\">\n<p><span class=\"block\">68.8 mm<\/span><\/p>\n<\/div>\n<\/div>\n<div class=\"grid grid-cols-2 text-sm odd:bg-white even:bg-gray-magnolia\">\n<div class=\"relative flex space-x-2 p-1 xl:p-2\"><span>Wysoko\u015b\u0107<\/span><!----><\/div>\n<div class=\"wrap-text p-1 font-semibold xl:p-2\">\n<p><span class=\"block\">106.4 mm<\/span><\/p>\n<\/div>\n<\/div>\n<div class=\"grid grid-cols-2 text-sm odd:bg-white even:bg-gray-magnolia\">\n<div class=\"relative flex space-x-2 p-1 xl:p-2\"><span>G\u0142\u0119boko\u015b\u0107<\/span><!----><\/div>\n<div class=\"wrap-text p-1 font-semibold xl:p-2\">\n<p><span class=\"block\">14.7 mm<\/span><\/p>\n<\/div>\n<\/div>\n<\/div>\n<div data-name=\"specsGroup\" class=\"mb-3 lg:mb-5 print:mb-8\">\n<h4 class=\"mb-1 p-1 text-left text-base font-semibold xl:p-2\">Dodatkowe informacje<\/h4>\n<div class=\"grid grid-cols-2 text-sm odd:bg-white even:bg-gray-magnolia\">\n<div class=\"relative flex space-x-2 p-1 xl:p-2\"><span>Akcesoria w zestawie<\/span><!----><\/div>\n<div class=\"wrap-text p-1 font-semibold xl:p-2\">\n<p><span class=\"block\">kabel USB-C\/USB-C<\/span><\/p>\n<\/div>\n<\/div>\n<div class=\"grid grid-cols-2 text-sm odd:bg-white even:bg-gray-magnolia\">\n<div class=\"relative flex space-x-2 p-1 xl:p-2\"><span>Wersja<\/span><!----><\/div>\n<div class=\"wrap-text p-1 font-semibold xl:p-2\">\n<p><span class=\"block\">Standard<\/span><\/p>\n<\/div>\n<\/div>\n<\/div>\n<div data-name=\"specsGroup\" class=\"mb-3 lg:mb-5 print:mb-8\">\n<h4 class=\"mb-1 p-1 text-left text-base font-semibold xl:p-2\">Producent<\/h4>\n<div class=\"grid grid-cols-2 text-sm odd:bg-white even:bg-gray-magnolia\">\n<div class=\"relative flex space-x-2 p-1 xl:p-2\"><span>Nazwa producenta \/ importera<\/span><!----><\/div>\n<div class=\"wrap-text p-1 font-semibold xl:p-2\">\n<p><span class=\"block\"><span id=\"id\">Baseus<\/span><br \/>\n                <span id=\"name\">Apex CE Specialists GmbH<\/span><br \/>\n                <span id=\"street\">Grafenberger Allee 277<\/span><br \/>\n                <span id=\"postalCode\">40237<\/span> <span id=\"city\">D\u00fcsseldorf<\/span><br \/>\n                <span id=\"country\">Niemcy<\/span><br \/>\n                <span id=\"countryCode\">DE<\/span><br \/>\n                <span id=\"email\">Email: Info@apex-ce.de<\/span><\/span><\/p>\n<\/div>\n<\/div>\n<\/div>\n<\/div>\n","protected":false},"excerpt":{"rendered":"<p><!----><\/p>\n<div class=\"mt-4 first:mt-0\"><span>Spos\u00f3b \u0142adowania: <\/span><span class=\"font-semibold\">przewodowe, bezprzewodowe<\/span><\/div>\n<div class=\"mt-4 first:mt-0\"><span>Standard \u0142adowania bezprzewodowego: <\/span><span class=\"font-semibold\">Qi<\/span><\/div>\n<div class=\"mt-4 first:mt-0\"><span>Technologia: <\/span><span class=\"font-semibold\">litowo-polimerowa<\/span><\/div>\n<div class=\"mt-4 first:mt-0\"><span>Napi\u0119cie nominalne: <\/span><span class=\"font-semibold\">5 V<\/span><\/div>\n<div class=\"mt-4 first:mt-0\"><span>Napi\u0119cie maksymalne: <\/span><span class=\"font-semibold\">12 V<\/span><\/div>\n<div class=\"mt-4 first:mt-0\"><span>Moc: <\/span><span class=\"font-semibold\">20 W<\/span><\/div>\n<div class=\"space-y-2 mt-4 first:mt-0\">\n<p>Pojemno\u015b\u0107 typowa:<\/p>\n<p><label for=\"500000\" class=\"mr-2 inline-flex h-12 cursor-pointer items-center rounded-lg border px-4 lg:h-8\" data-state=\"active\" data-name=\"buttonChip\"><input id=\"500000\" type=\"radio\" class=\"hidden appearance-none\" checked=\"\" value=\"5000 mAh\"><span>5000 mAh<\/span><\/label><label for=\"600000\" class=\"mr-2 inline-flex h-12 cursor-pointer items-center rounded-lg border px-4 lg:h-8\" data-state=\"unavailable\" data-name=\"buttonChip\"><input id=\"600000\" type=\"radio\" class=\"hidden appearance-none\" value=\"6000 mAh\"><span>6000 mAh<\/span><\/label><label for=\"1000000\" class=\"mr-2 inline-flex h-12 cursor-pointer items-center rounded-lg border px-4 lg:h-8\" data-state=\"unavailable\" data-name=\"buttonChip\"><input id=\"1000000\" type=\"radio\" class=\"hidden appearance-none\" value=\"10000 mAh\"><span>10000 mAh<\/span><\/label><\/div>\n<div class=\"mt-2 mt-4 first:mt-0\">\n<div><span>Kolor: <\/span><span class=\"font-semibold\">czarny<\/span><\/div>\n<div class=\"flex flex-wrap justify-start\"><\/div>\n<\/div>\n<div class=\"mt-4 first:mt-0\"><span>Wersja: <\/span><span class=\"font-semibold\">Standard<\/span><\/div>\n<div data-spacer=\"\"><\/div>\n","protected":false},"featured_media":16076,"comment_status":"open","ping_status":"open","template":"","meta":{"_acf_changed":false},"product_brand":[325],"product_cat":[935],"product_tag":[],"class_list":{"0":"post-16075","1":"product","2":"type-product","3":"status-publish","4":"has-post-thumbnail","6":"product_brand-baseus","7":"product_cat-powerbanki","8":"pa_moc-maksymalna-20-w","9":"pa_napiecie-12-v","10":"pa_rodzaj-ladowania-przewodowe-bezprzewodowe","11":"pa_stan-nowy","13":"first","14":"instock","15":"sold-individually","16":"taxable","17":"shipping-taxable","18":"purchasable","19":"product-type-simple"},"acf":[],"_links":{"self":[{"href":"https:\/\/swiatrtv.pl\/index.php\/wp-json\/wp\/v2\/product\/16075","targetHints":{"allow":["GET"]}}],"collection":[{"href":"https:\/\/swiatrtv.pl\/index.php\/wp-json\/wp\/v2\/product"}],"about":[{"href":"https:\/\/swiatrtv.pl\/index.php\/wp-json\/wp\/v2\/types\/product"}],"replies":[{"embeddable":true,"href":"https:\/\/swiatrtv.pl\/index.php\/wp-json\/wp\/v2\/comments?post=16075"}],"wp:featuredmedia":[{"embeddable":true,"href":"https:\/\/swiatrtv.pl\/index.php\/wp-json\/wp\/v2\/media\/16076"}],"wp:attachment":[{"href":"https:\/\/swiatrtv.pl\/index.php\/wp-json\/wp\/v2\/media?parent=16075"}],"wp:term":[{"taxonomy":"product_brand","embeddable":true,"href":"https:\/\/swiatrtv.pl\/index.php\/wp-json\/wp\/v2\/product_brand?post=16075"},{"taxonomy":"product_cat","embeddable":true,"href":"https:\/\/swiatrtv.pl\/index.php\/wp-json\/wp\/v2\/product_cat?post=16075"},{"taxonomy":"product_tag","embeddable":true,"href":"https:\/\/swiatrtv.pl\/index.php\/wp-json\/wp\/v2\/product_tag?post=16075"}],"curies":[{"name":"wp","href":"https:\/\/api.w.org\/{rel}","templated":true}]}}