{"id":21886,"date":"2026-04-03T01:49:37","date_gmt":"2026-04-03T01:49:37","guid":{"rendered":"http:\/\/ielektronik.pl\/index.php\/product\/bosch-bcs711pet-czerwony\/"},"modified":"2026-04-07T09:58:39","modified_gmt":"2026-04-07T09:58:39","slug":"bosch-bcs711pet-czerwony","status":"publish","type":"product","link":"https:\/\/swiatrtv.pl\/index.php\/product\/bosch-bcs711pet-czerwony\/","title":{"rendered":"Bosch BCS711PET czerwony"},"content":{"rendered":"<div class=\"print:block!\">\n<div data-name=\"specsGroup\" class=\"mb-3 lg:mb-5 print:mb-8\">\n<h4 class=\"mb-1 p-1 text-left text-base font-semibold xl:p-2\">Dane techniczne<\/h4>\n<div class=\"grid grid-cols-2 text-sm odd:bg-white even:bg-gray-magnolia\">\n<div class=\"relative flex space-x-2 p-1 xl:p-2\"><span>Producent<\/span><!----><\/div>\n<div class=\"wrap-text p-1 font-semibold xl:p-2\">\n<p>Bosch<\/span><\/a><\/p>\n<\/div>\n<\/div>\n<div class=\"grid grid-cols-2 text-sm odd:bg-white even:bg-gray-magnolia\">\n<div class=\"relative flex space-x-2 p-1 xl:p-2\"><span>Gwarancja<\/span><\/p>\n<div data-role=\"tooltip\" class=\"group\/tooltip relative z-10 flex h-fit items-center print:hidden\"><i class=\"i-information text-blue-clear i-information\"><\/i><\/p>\n<div class=\"tooltip-text w-52 lg:w-64 -right-2 translate-x-full tooltip-right\">\n<div>Okres gwarancyjny dotyczy konsument\u00f3w kupuj\u0105cych produkt na w\u0142asny u\u017cytek. Szczeg\u00f3\u0142owe informacje na temat ogranicze\u0144 i wy\u0142\u0105cze\u0144 gwarancji znajduj\u0105 si\u0119 w regulaminie<\/a>.<\/div>\n<\/div>\n<\/div>\n<\/div>\n<div class=\"wrap-text p-1 font-semibold xl:p-2\">\n<p><span class=\"block\">2 lata w serwisie zewn\u0119trznym<\/span><\/p>\n<\/div>\n<\/div>\n<div class=\"grid grid-cols-2 text-sm odd:bg-white even:bg-gray-magnolia\">\n<div class=\"relative flex space-x-2 p-1 xl:p-2\"><span>Grupa produktowa<\/span><!----><\/div>\n<div class=\"wrap-text p-1 font-semibold xl:p-2\">\n<p>span class=&#8221;block&#8221;>Odkurzacze Bosch<\/span><\/a><\/p>\n<\/div>\n<\/div>\n<div class=\"grid grid-cols-2 text-sm odd:bg-white even:bg-gray-magnolia\">\n<div class=\"relative flex space-x-2 p-1 xl:p-2\"><span>Rodzaj produktu<\/span><!----><\/div>\n<div class=\"wrap-text p-1 font-semibold xl:p-2\">\n<p>odkurzacz pionowy<\/span><\/a><\/p>\n<\/div>\n<\/div>\n<div class=\"grid grid-cols-2 text-sm odd:bg-white even:bg-gray-magnolia\">\n<div class=\"relative flex space-x-2 p-1 xl:p-2\"><span>Spos\u00f3b odkurzania<\/span><!----><\/div>\n<div class=\"wrap-text p-1 font-semibold xl:p-2\">\n<p><span class=\"block\">na sucho<\/span><\/p>\n<\/div>\n<\/div>\n<div class=\"grid grid-cols-2 text-sm odd:bg-white even:bg-gray-magnolia\">\n<div class=\"relative flex space-x-2 p-1 xl:p-2\"><span>Rodzaj zbiornika<\/span><!----><\/div>\n<div class=\"wrap-text p-1 font-semibold xl:p-2\">\n<p>bezworkowy<\/span><\/a><\/p>\n<\/div>\n<\/div>\n<div class=\"grid grid-cols-2 text-sm odd:bg-white even:bg-gray-magnolia\">\n<div class=\"relative flex space-x-2 p-1 xl:p-2\"><span>Zasilanie<\/span><!----><\/div>\n<div class=\"wrap-text p-1 font-semibold xl:p-2\">\n<p>akumulatorowe<\/span><\/a><\/p>\n<\/div>\n<\/div>\n<div class=\"grid grid-cols-2 text-sm odd:bg-white even:bg-gray-magnolia\">\n<div class=\"relative flex space-x-2 p-1 xl:p-2\"><span>Od\u0142\u0105czany odkurzacz r\u0119czny<\/span><!----><\/div>\n<div class=\"wrap-text p-1 font-semibold xl:p-2\">\n<p><span class=\"block\">tak<\/span><\/p>\n<\/div>\n<\/div>\n<div class=\"grid grid-cols-2 text-sm odd:bg-white even:bg-gray-magnolia\">\n<div class=\"relative flex space-x-2 p-1 xl:p-2\"><span>Kolor<\/span><!----><\/div>\n<div class=\"wrap-text p-1 font-semibold xl:p-2\">\n<p><span class=\"block\">czerwony<\/span><\/p>\n<\/div>\n<\/div>\n<div class=\"grid grid-cols-2 text-sm odd:bg-white even:bg-gray-magnolia\">\n<div class=\"relative flex space-x-2 p-1 xl:p-2\"><span>Poziom ha\u0142asu<\/span><!----><\/div>\n<div class=\"wrap-text p-1 font-semibold xl:p-2\">\n<p><span class=\"block\">82 dB<\/span><\/p>\n<\/div>\n<\/div>\n<div class=\"grid grid-cols-2 text-sm odd:bg-white even:bg-gray-magnolia\">\n<div class=\"relative flex space-x-2 p-1 xl:p-2\"><span>Zasi\u0119g pracy<\/span><!----><\/div>\n<div class=\"wrap-text p-1 font-semibold xl:p-2\">\n<p><span class=\"block\">100 m\u00b2<\/span><\/p>\n<\/div>\n<\/div>\n<div class=\"grid grid-cols-2 text-sm odd:bg-white even:bg-gray-magnolia\">\n<div class=\"relative flex space-x-2 p-1 xl:p-2\"><span>Pojemno\u015b\u0107 worka\/pojemnika<\/span><!----><\/div>\n<div class=\"wrap-text p-1 font-semibold xl:p-2\">\n<p><span class=\"block\">0.3 l<\/span><\/p>\n<\/div>\n<\/div>\n<div class=\"grid grid-cols-2 text-sm odd:bg-white even:bg-gray-magnolia\">\n<div class=\"relative flex space-x-2 p-1 xl:p-2\"><span>Regulacja mocy<\/span><!----><\/div>\n<div class=\"wrap-text p-1 font-semibold xl:p-2\">\n<p><span class=\"block\">tak<\/span><\/p>\n<\/div>\n<\/div>\n<div class=\"grid grid-cols-2 text-sm odd:bg-white even:bg-gray-magnolia\">\n<div class=\"relative flex space-x-2 p-1 xl:p-2\"><span>Ilo\u015b\u0107 pr\u0119dko\u015bci<\/span><!----><\/div>\n<div class=\"wrap-text p-1 font-semibold xl:p-2\">\n<p><span class=\"block\">3<\/span><\/p>\n<\/div>\n<\/div>\n<div class=\"grid grid-cols-2 text-sm odd:bg-white even:bg-gray-magnolia\">\n<div class=\"relative flex space-x-2 p-1 xl:p-2\"><span>Komunikacja<\/span><!----><\/div>\n<div class=\"wrap-text p-1 font-semibold xl:p-2\">\n<p><span class=\"block\">wska\u017anik \u0142adowania\/na\u0142adowania<\/span><\/p>\n<\/div>\n<\/div>\n<div class=\"grid grid-cols-2 text-sm odd:bg-white even:bg-gray-magnolia\">\n<div class=\"relative flex space-x-2 p-1 xl:p-2\"><span>Funkcje urz\u0105dzenia<\/span><!----><\/div>\n<div class=\"wrap-text p-1 font-semibold xl:p-2\">\n<p><span class=\"block\">mo\u017cliwo\u015b\u0107 zablokowania odkurzacza w aktualnym trybie pracy<\/span><\/p>\n<p><span class=\"block\">tryb automatyczny<\/span><\/p>\n<p><span class=\"block\">tryb eco<\/span><\/p>\n<p><span class=\"block\">tryb turbo<\/span><\/p>\n<p><span class=\"block\">zwi\u0119kszenie mocy ssania po wykryciu dywanu<\/span><\/p>\n<\/div>\n<\/div>\n<div class=\"grid grid-cols-2 text-sm odd:bg-white even:bg-gray-magnolia\">\n<div class=\"relative flex space-x-2 p-1 xl:p-2\"><span>Konstrukcja<\/span><!----><\/div>\n<div class=\"wrap-text p-1 font-semibold xl:p-2\">\n<p><span class=\"block\">klips Easy Parking Clip<\/span><\/p>\n<p><span class=\"block\">od\u0142\u0105czanie elektroszczotki od rury bez u\u017cycia r\u0105k<\/span><\/p>\n<p><span class=\"block\">panel sterowania w uchwycie<\/span><\/p>\n<p><span class=\"block\">pod\u015bwietlenie LED na nasadzce<\/span><\/p>\n<p><span class=\"block\">rura z przegubem<\/span><\/p>\n<p><span class=\"block\">samostoj\u0105ca elektroszczotka z rur\u0105<\/span><\/p>\n<p><span class=\"block\">silnik TurboSpin<\/span><\/p>\n<p><span class=\"block\">wyjmowany akumulator<\/span><\/p>\n<\/div>\n<\/div>\n<div class=\"grid grid-cols-2 text-sm odd:bg-white even:bg-gray-magnolia\">\n<div class=\"relative flex space-x-2 p-1 xl:p-2\"><span>Inne<\/span><!----><\/div>\n<div class=\"wrap-text p-1 font-semibold xl:p-2\">\n<p><span class=\"block\">dla posiadaczy zwi\u0119rz\u0105t domowch<\/span><\/p>\n<\/div>\n<\/div>\n<div class=\"grid grid-cols-2 text-sm odd:bg-white even:bg-gray-magnolia\">\n<div class=\"relative flex space-x-2 p-1 xl:p-2\"><span>Rodzaj filtr\u00f3w<\/span><!----><\/div>\n<div class=\"wrap-text p-1 font-semibold xl:p-2\">\n<p><span class=\"block\">z membran\u0105 Pure Air<\/span><\/p>\n<\/div>\n<\/div>\n<div class=\"grid grid-cols-2 text-sm odd:bg-white even:bg-gray-magnolia\">\n<div class=\"relative flex space-x-2 p-1 xl:p-2\"><span>Pojemno\u015b\u0107 akumulatora<\/span><!----><\/div>\n<div class=\"wrap-text p-1 font-semibold xl:p-2\">\n<p><span class=\"block\">3000 mAh<\/span><\/p>\n<\/div>\n<\/div>\n<div class=\"grid grid-cols-2 text-sm odd:bg-white even:bg-gray-magnolia\">\n<div class=\"relative flex space-x-2 p-1 xl:p-2\"><span>Rodzaj akumulatora<\/span><!----><\/div>\n<div class=\"wrap-text p-1 font-semibold xl:p-2\">\n<p><span class=\"block\">litowo-jonowy<\/span><\/p>\n<\/div>\n<\/div>\n<div class=\"grid grid-cols-2 text-sm odd:bg-white even:bg-gray-magnolia\">\n<div class=\"relative flex space-x-2 p-1 xl:p-2\"><span>Napi\u0119cie akumulatora<\/span><!----><\/div>\n<div class=\"wrap-text p-1 font-semibold xl:p-2\">\n<p><span class=\"block\">18 V<\/span><\/p>\n<\/div>\n<\/div>\n<div class=\"grid grid-cols-2 text-sm odd:bg-white even:bg-gray-magnolia\">\n<div class=\"relative flex space-x-2 p-1 xl:p-2\"><span>Czas \u0142adowania<\/span><!----><\/div>\n<div class=\"wrap-text p-1 font-semibold xl:p-2\">\n<p><span class=\"block\">5 godz.<\/span><\/p>\n<\/div>\n<\/div>\n<div class=\"grid grid-cols-2 text-sm odd:bg-white even:bg-gray-magnolia\">\n<div class=\"relative flex space-x-2 p-1 xl:p-2\"><span>Czas pracy<\/span><!----><\/div>\n<div class=\"wrap-text p-1 font-semibold xl:p-2\">\n<p><span class=\"block\">40 min<\/span><\/p>\n<\/div>\n<\/div>\n<div class=\"grid grid-cols-2 text-sm odd:bg-white even:bg-gray-magnolia\">\n<div class=\"relative flex space-x-2 p-1 xl:p-2\"><span>Zabezpieczenia<\/span><!----><\/div>\n<div class=\"wrap-text p-1 font-semibold xl:p-2\">\n<p><span class=\"block\">akumulator z zabezpieczeniem przed:<br \/>przegrzaniem<br \/>przeci\u0105\u017ceniem<br \/>samoroz\u0142adowaniem<br \/>efektem pami\u0119ci<\/span><\/p>\n<\/div>\n<\/div>\n<div class=\"grid grid-cols-2 text-sm odd:bg-white even:bg-gray-magnolia\">\n<div class=\"relative flex space-x-2 p-1 xl:p-2\"><span>Wyposa\u017cenie standardowe<\/span><!----><\/div>\n<div class=\"wrap-text p-1 font-semibold xl:p-2\">\n<p><span class=\"block\">akumulator Bosch Power for All 3.0 Ah<\/span><\/p>\n<p><span class=\"block\">d\u0142uga, elastyczna szczelin\u00f3wka<\/span><\/p>\n<p><span class=\"block\">elastyczny w\u0105\u017c<\/span><\/p>\n<p><span class=\"block\">elektroszczotka ProAnimal Brush<\/span><\/p>\n<p><span class=\"block\">kabel zasilaj\u0105cy<\/span><\/p>\n<p><span class=\"block\">minielektroszczotka ProAnimal<\/span><\/p>\n<p><span class=\"block\">\u015bcienna stacja dokuj\u0105ca<\/span><\/p>\n<p><span class=\"block\">ssawka 2w1<\/span><\/p>\n<p><span class=\"block\">ssawka do materacy<\/span><\/p>\n<\/div>\n<\/div>\n<div class=\"grid grid-cols-2 text-sm odd:bg-white even:bg-gray-magnolia\">\n<div class=\"relative flex space-x-2 p-1 xl:p-2\"><span>Dodatkowe informacje<\/span><!----><\/div>\n<div class=\"wrap-text p-1 font-semibold xl:p-2\">\n<p><span class=\"block\">wymienny akumulator jest kompatybilny z wieloma produktami Bosch (z linii zielonej) oraz innych marek<\/span><\/p>\n<\/div>\n<\/div>\n<div class=\"grid grid-cols-2 text-sm odd:bg-white even:bg-gray-magnolia\">\n<div class=\"relative flex space-x-2 p-1 xl:p-2\"><span>Masa netto<\/span><!----><\/div>\n<div class=\"wrap-text p-1 font-semibold xl:p-2\">\n<p><span class=\"block\">2.9 kg<\/span><\/p>\n<\/div>\n<\/div>\n<div class=\"grid grid-cols-2 text-sm odd:bg-white even:bg-gray-magnolia\">\n<div class=\"relative flex space-x-2 p-1 xl:p-2\"><span>Wysoko\u015b\u0107<\/span><!----><\/div>\n<div class=\"wrap-text p-1 font-semibold xl:p-2\">\n<p><span class=\"block\">131.5 cm<\/span><\/p>\n<\/div>\n<\/div>\n<div class=\"grid grid-cols-2 text-sm odd:bg-white even:bg-gray-magnolia\">\n<div class=\"relative flex space-x-2 p-1 xl:p-2\"><span>Szeroko\u015b\u0107<\/span><!----><\/div>\n<div class=\"wrap-text p-1 font-semibold xl:p-2\">\n<p><span class=\"block\">25.2 cm<\/span><\/p>\n<\/div>\n<\/div>\n<div class=\"grid grid-cols-2 text-sm odd:bg-white even:bg-gray-magnolia\">\n<div class=\"relative flex space-x-2 p-1 xl:p-2\"><span>D\u0142ugo\u015b\u0107<\/span><!----><\/div>\n<div class=\"wrap-text p-1 font-semibold xl:p-2\">\n<p><span class=\"block\">20.4 cm<\/span><\/p>\n<\/div>\n<\/div>\n<div class=\"grid grid-cols-2 text-sm odd:bg-white even:bg-gray-magnolia\">\n<div class=\"relative flex space-x-2 p-1 xl:p-2\"><span>Seria<\/span><!----><\/div>\n<div class=\"wrap-text p-1 font-semibold xl:p-2\">\n<p><span class=\"block\">Bosch Unlimited 7<\/span><\/p>\n<\/div>\n<\/div>\n<div class=\"grid grid-cols-2 text-sm odd:bg-white even:bg-gray-magnolia\">\n<div class=\"relative flex space-x-2 p-1 xl:p-2\"><span>Model<\/span><!----><\/div>\n<div class=\"wrap-text p-1 font-semibold xl:p-2\">\n<p><span class=\"block\">Bosch Unlimited 7 BCS711PET<\/span><\/p>\n<\/div>\n<\/div>\n<\/div>\n<div data-name=\"specsGroup\" class=\"mb-3 lg:mb-5 print:mb-8\">\n<h4 class=\"mb-1 p-1 text-left text-base font-semibold xl:p-2\">Producent<\/h4>\n<div class=\"grid grid-cols-2 text-sm odd:bg-white even:bg-gray-magnolia\">\n<div class=\"relative flex space-x-2 p-1 xl:p-2\"><span>Nazwa producenta \/ importera<\/span><!----><\/div>\n<div class=\"wrap-text p-1 font-semibold xl:p-2\">\n<p><span class=\"block\"><span id=\"id\">Bosch<\/span><br \/>\n                <span id=\"name\">BSH Sprz\u0119t Gospodarstwa Domowego Sp. z o.o<\/span><br \/>\n                <span id=\"street\">Al. Jerozolimskie 183<\/span><br \/>\n                <span id=\"postalCode\">02-022<\/span> <span id=\"city\">Warszawa<\/span><br \/>\n                <span id=\"country\">Polska<\/span><br \/>\n                <span id=\"countryCode\">PL<\/span><br \/>\n                <span id=\"email\">Email: centrum.kontaktu@bshg.com<\/span><\/span><\/p>\n<\/div>\n<\/div>\n<\/div>\n<div data-name=\"specsGroup\" class=\"mb-3 lg:mb-5 print:mb-8\">\n<h4 class=\"mb-1 p-1 text-left text-base font-semibold xl:p-2\">Materia\u0142y do pobrania<\/h4>\n<div class=\"grid grid-cols-2 text-sm odd:bg-white even:bg-gray-magnolia\">\n<div class=\"relative flex space-x-2 p-1 xl:p-2\"><span>Instrukcja<\/span><!----><\/div>\n<div <\/div>\n<\/div>\n<\/div>\n","protected":false},"excerpt":{"rendered":"<p><!----><\/p>\n<div class=\"mt-4 first:mt-0\"><span>Rodzaj produktu: <\/span><span class=\"font-semibold\">odkurzacz pionowy<\/span><\/div>\n<div class=\"mt-4 first:mt-0\"><span>Spos\u00f3b odkurzania: <\/span><span class=\"font-semibold\">na sucho<\/span><\/div>\n<div class=\"mt-4 first:mt-0\"><span>Rodzaj zbiornika: <\/span><span class=\"font-semibold\">bezworkowy<\/span><\/div>\n<div class=\"mt-4 first:mt-0\"><span>Zasilanie: <\/span><span class=\"font-semibold\">akumulatorowe<\/span><\/div>\n<div class=\"mt-4 first:mt-0\"><span>Od\u0142\u0105czany odkurzacz r\u0119czny: <\/span><span class=\"font-semibold\">tak<\/span><\/div>\n<div data-spacer=\"\"><\/div>\n","protected":false},"featured_media":21887,"comment_status":"open","ping_status":"open","template":"","meta":{"_acf_changed":false},"product_brand":[1208],"product_cat":[1175],"product_tag":[],"class_list":{"0":"post-21886","1":"product","2":"type-product","3":"status-publish","4":"has-post-thumbnail","6":"product_brand-bosch","7":"product_cat-odkurzacze","8":"pa_rodzaj-produktu-odkurzacz-pionowy","9":"pa_rodzaj-zbiornika-bezworkowy","10":"pa_sposob-odkurzania-na-sucho","11":"pa_stan-nowy","12":"pa_zasilanie-akumulatorowe","14":"first","15":"instock","16":"sold-individually","17":"taxable","18":"shipping-taxable","19":"purchasable","20":"product-type-simple"},"acf":[],"_links":{"self":[{"href":"https:\/\/swiatrtv.pl\/index.php\/wp-json\/wp\/v2\/product\/21886","targetHints":{"allow":["GET"]}}],"collection":[{"href":"https:\/\/swiatrtv.pl\/index.php\/wp-json\/wp\/v2\/product"}],"about":[{"href":"https:\/\/swiatrtv.pl\/index.php\/wp-json\/wp\/v2\/types\/product"}],"replies":[{"embeddable":true,"href":"https:\/\/swiatrtv.pl\/index.php\/wp-json\/wp\/v2\/comments?post=21886"}],"wp:featuredmedia":[{"embeddable":true,"href":"https:\/\/swiatrtv.pl\/index.php\/wp-json\/wp\/v2\/media\/21887"}],"wp:attachment":[{"href":"https:\/\/swiatrtv.pl\/index.php\/wp-json\/wp\/v2\/media?parent=21886"}],"wp:term":[{"taxonomy":"product_brand","embeddable":true,"href":"https:\/\/swiatrtv.pl\/index.php\/wp-json\/wp\/v2\/product_brand?post=21886"},{"taxonomy":"product_cat","embeddable":true,"href":"https:\/\/swiatrtv.pl\/index.php\/wp-json\/wp\/v2\/product_cat?post=21886"},{"taxonomy":"product_tag","embeddable":true,"href":"https:\/\/swiatrtv.pl\/index.php\/wp-json\/wp\/v2\/product_tag?post=21886"}],"curies":[{"name":"wp","href":"https:\/\/api.w.org\/{rel}","templated":true}]}}