{"id":23659,"date":"2026-04-03T02:53:16","date_gmt":"2026-04-03T02:53:16","guid":{"rendered":"http:\/\/ielektronik.pl\/index.php\/product\/tesla-robostar-iq660\/"},"modified":"2026-04-07T09:56:32","modified_gmt":"2026-04-07T09:56:32","slug":"tesla-robostar-iq660","status":"publish","type":"product","link":"https:\/\/swiatrtv.pl\/index.php\/product\/tesla-robostar-iq660\/","title":{"rendered":"TESLA RoboStar iQ660"},"content":{"rendered":"<div class=\"print:block!\">\n<div data-name=\"specsGroup\" class=\"mb-3 lg:mb-5 print:mb-8\">\n<h4 class=\"mb-1 p-1 text-left text-base font-semibold xl:p-2\">Dane techniczne<\/h4>\n<div class=\"grid grid-cols-2 text-sm odd:bg-white even:bg-gray-magnolia\">\n<div class=\"relative flex space-x-2 p-1 xl:p-2\"><span>Producent<\/span><!----><\/div>\n<div class=\"wrap-text p-1 font-semibold xl:p-2\">\n<p>Tesla<\/span><\/a><\/p>\n<\/div>\n<\/div>\n<div class=\"grid grid-cols-2 text-sm odd:bg-white even:bg-gray-magnolia\">\n<div class=\"relative flex space-x-2 p-1 xl:p-2\"><span>Gwarancja<\/span><\/p>\n<div data-role=\"tooltip\" class=\"group\/tooltip relative z-10 flex h-fit items-center print:hidden\"><i class=\"i-information text-blue-clear i-information\"><\/i><\/p>\n<div class=\"tooltip-text w-52 lg:w-64 -right-2 translate-x-full tooltip-right\">\n<div>Okres gwarancyjny dotyczy konsument\u00f3w kupuj\u0105cych produkt na w\u0142asny u\u017cytek. Szczeg\u00f3\u0142owe informacje na temat ogranicze\u0144 i wy\u0142\u0105cze\u0144 gwarancji znajduj\u0105 si\u0119 w regulaminie<\/a>.<\/div>\n<\/div>\n<\/div>\n<\/div>\n<div class=\"wrap-text p-1 font-semibold xl:p-2\">\n<p><span class=\"block\">2 lata w serwisie zewn\u0119trznym<\/span><\/p>\n<\/div>\n<\/div>\n<div class=\"grid grid-cols-2 text-sm odd:bg-white even:bg-gray-magnolia\">\n<div class=\"relative flex space-x-2 p-1 xl:p-2\"><span>Rodzaj produktu<\/span><!----><\/div>\n<div class=\"wrap-text p-1 font-semibold xl:p-2\">\n<p><span class=\"block\">robot mopuj\u0105cy<\/span><\/p>\n<p><span class=\"block\">robot odkurzaj\u0105cy<\/span><\/p>\n<\/div>\n<\/div>\n<div class=\"grid grid-cols-2 text-sm odd:bg-white even:bg-gray-magnolia\">\n<div class=\"relative flex space-x-2 p-1 xl:p-2\"><span>Moc ssania<\/span><!----><\/div>\n<div class=\"wrap-text p-1 font-semibold xl:p-2\">\n<p><span class=\"block\">13000 Pa<\/span><\/p>\n<\/div>\n<\/div>\n<div class=\"grid grid-cols-2 text-sm odd:bg-white even:bg-gray-magnolia\">\n<div class=\"relative flex space-x-2 p-1 xl:p-2\"><span>Pojemno\u015b\u0107 akumulatora<\/span><!----><\/div>\n<div class=\"wrap-text p-1 font-semibold xl:p-2\">\n<p><span class=\"block\">3200 mAh<\/span><\/p>\n<\/div>\n<\/div>\n<div class=\"grid grid-cols-2 text-sm odd:bg-white even:bg-gray-magnolia\">\n<div class=\"relative flex space-x-2 p-1 xl:p-2\"><span>Czas \u0142adowania<\/span><!----><\/div>\n<div class=\"wrap-text p-1 font-semibold xl:p-2\">\n<p><span class=\"block\">5 godz.<\/span><\/p>\n<\/div>\n<\/div>\n<div class=\"grid grid-cols-2 text-sm odd:bg-white even:bg-gray-magnolia\">\n<div class=\"relative flex space-x-2 p-1 xl:p-2\"><span>Pojemno\u015b\u0107 zbiornika na wod\u0119<\/span><!----><\/div>\n<div class=\"wrap-text p-1 font-semibold xl:p-2\">\n<p><span class=\"block\">0.25 l<\/span><\/p>\n<\/div>\n<\/div>\n<div class=\"grid grid-cols-2 text-sm odd:bg-white even:bg-gray-magnolia\">\n<div class=\"relative flex space-x-2 p-1 xl:p-2\"><span>Pojemno\u015b\u0107 zbiornika w stacji  na wod\u0119 brudn\u0105<\/span><!----><\/div>\n<div class=\"wrap-text p-1 font-semibold xl:p-2\">\n<p><span class=\"block\">0.34 l<\/span><\/p>\n<\/div>\n<\/div>\n<div class=\"grid grid-cols-2 text-sm odd:bg-white even:bg-gray-magnolia\">\n<div class=\"relative flex space-x-2 p-1 xl:p-2\"><span>Wsp\u00f3\u0142praca z systemami<\/span><!----><\/div>\n<div class=\"wrap-text p-1 font-semibold xl:p-2\">\n<p><span class=\"block\">Asystent Google<\/span><\/p>\n<\/div>\n<\/div>\n<div class=\"grid grid-cols-2 text-sm odd:bg-white even:bg-gray-magnolia\">\n<div class=\"relative flex space-x-2 p-1 xl:p-2\"><span>Model<\/span><!----><\/div>\n<div class=\"wrap-text p-1 font-semibold xl:p-2\">\n<p><span class=\"block\">TESLA RoboStar iQ660<\/span><\/p>\n<\/div>\n<\/div>\n<div class=\"grid grid-cols-2 text-sm odd:bg-white even:bg-gray-magnolia\">\n<div class=\"relative flex space-x-2 p-1 xl:p-2\"><span>Kolor<\/span><!----><\/div>\n<div class=\"wrap-text p-1 font-semibold xl:p-2\">\n<p><span class=\"block\">bia\u0142y<\/span><\/p>\n<\/div>\n<\/div>\n<\/div>\n<div data-name=\"specsGroup\" class=\"mb-3 lg:mb-5 print:mb-8\">\n<h4 class=\"mb-1 p-1 text-left text-base font-semibold xl:p-2\">Wyr\u00f3\u017cnione<\/h4>\n<div class=\"grid grid-cols-2 text-sm odd:bg-white even:bg-gray-magnolia\">\n<div class=\"relative flex space-x-2 p-1 xl:p-2\"><span>Seria<\/span><!----><\/div>\n<div class=\"wrap-text p-1 font-semibold xl:p-2\">\n<p><span class=\"block\">Tesla RoboStar iQ<\/span><\/p>\n<\/div>\n<\/div>\n<\/div>\n<div data-name=\"specsGroup\" class=\"mb-3 lg:mb-5 print:mb-8\">\n<h4 class=\"mb-1 p-1 text-left text-base font-semibold xl:p-2\">Funkcje<\/h4>\n<div class=\"grid grid-cols-2 text-sm odd:bg-white even:bg-gray-magnolia\">\n<div class=\"relative flex space-x-2 p-1 xl:p-2\"><span>Sterowanie<\/span><!----><\/div>\n<div class=\"wrap-text p-1 font-semibold xl:p-2\">\n<p><span class=\"block\">aplikacja<\/span><\/p>\n<p><span class=\"block\">g\u0142osowe<\/span><\/p>\n<\/div>\n<\/div>\n<div class=\"grid grid-cols-2 text-sm odd:bg-white even:bg-gray-magnolia\">\n<div class=\"relative flex space-x-2 p-1 xl:p-2\"><span>Funkcje<\/span><!----><\/div>\n<div class=\"wrap-text p-1 font-semibold xl:p-2\">\n<p><span class=\"block\">nawigacja LiDAR<\/span><\/p>\n<p><span class=\"block\">wirtualna \u015bciana<\/span><\/p>\n<\/div>\n<\/div>\n<div class=\"grid grid-cols-2 text-sm odd:bg-white even:bg-gray-magnolia\">\n<div class=\"relative flex space-x-2 p-1 xl:p-2\"><span>Rodzaj filtr\u00f3w<\/span><!----><\/div>\n<div class=\"wrap-text p-1 font-semibold xl:p-2\">\n<p><span class=\"block\">HEPA 13<\/span><\/p>\n<\/div>\n<\/div>\n<div class=\"grid grid-cols-2 text-sm odd:bg-white even:bg-gray-magnolia\">\n<div class=\"relative flex space-x-2 p-1 xl:p-2\"><span>Wyposa\u017cenie standardowe<\/span><!----><\/div>\n<div class=\"wrap-text p-1 font-semibold xl:p-2\">\n<p><span class=\"block\">2 filtry HEPA<\/span><\/p>\n<p><span class=\"block\">2 x szczotka boczna<\/span><\/p>\n<p><span class=\"block\">2 x tkanina do mopa<\/span><\/p>\n<p><span class=\"block\">podstawa \u0142aduj\u0105ca<\/span><\/p>\n<p><span class=\"block\">pojemnik na brud i wod\u0119 2w1<\/span><\/p>\n<p><span class=\"block\">szczotka do czyszczenia<\/span><\/p>\n<p><span class=\"block\">uchwyt mopa<\/span><\/p>\n<\/div>\n<\/div>\n<\/div>\n<div data-name=\"specsGroup\" class=\"mb-3 lg:mb-5 print:mb-8\">\n<h4 class=\"mb-1 p-1 text-left text-base font-semibold xl:p-2\">Dane fizyczne<\/h4>\n<div class=\"grid grid-cols-2 text-sm odd:bg-white even:bg-gray-magnolia\">\n<div class=\"relative flex space-x-2 p-1 xl:p-2\"><span>\u015arednica<\/span><!----><\/div>\n<div class=\"wrap-text p-1 font-semibold xl:p-2\">\n<p><span class=\"block\">32 cm<\/span><\/p>\n<\/div>\n<\/div>\n<div class=\"grid grid-cols-2 text-sm odd:bg-white even:bg-gray-magnolia\">\n<div class=\"relative flex space-x-2 p-1 xl:p-2\"><span>Wysoko\u015b\u0107<\/span><!----><\/div>\n<div class=\"wrap-text p-1 font-semibold xl:p-2\">\n<p><span class=\"block\">9.7 cm<\/span><\/p>\n<\/div>\n<\/div>\n<div class=\"grid grid-cols-2 text-sm odd:bg-white even:bg-gray-magnolia\">\n<div class=\"relative flex space-x-2 p-1 xl:p-2\"><span>Waga<\/span><!----><\/div>\n<div class=\"wrap-text p-1 font-semibold xl:p-2\">\n<p><span class=\"block\">2.9 kg<\/span><\/p>\n<\/div>\n<\/div>\n<\/div>\n<div data-name=\"specsGroup\" class=\"mb-3 lg:mb-5 print:mb-8\">\n<h4 class=\"mb-1 p-1 text-left text-base font-semibold xl:p-2\">Producent<\/h4>\n<div class=\"grid grid-cols-2 text-sm odd:bg-white even:bg-gray-magnolia\">\n<div class=\"relative flex space-x-2 p-1 xl:p-2\"><span>Nazwa producenta \/ importera<\/span><!----><\/div>\n<div class=\"wrap-text p-1 font-semibold xl:p-2\">\n<p><span class=\"block\"><span id=\"id\">Tesla<\/span><br \/>\n                <span id=\"name\">TESLA Electronics LTD<\/span><br \/>\n                <span id=\"street\">Hybe\u0161ova 255\/17<\/span><br \/>\n                <span id=\"postalCode\"> 602 00<\/span> <span id=\"city\">Brno &#8211; Star\u00e9 Brno<\/span><br \/>\n                <span id=\"country\">Czechy<\/span><br \/>\n                <span id=\"countryCode\">CZ<\/span><br \/>\n                <span id=\"email\">Email: info@teslagroup.eu<\/span><\/span><\/p>\n<\/div>\n<\/div>\n<\/div>\n<\/div>\n","protected":false},"excerpt":{"rendered":"<p><!----><\/p>\n<div class=\"mt-4 first:mt-0\"><span>Moc ssania: <\/span><span class=\"font-semibold\">13000 Pa<\/span><\/div>\n<div class=\"mt-4 first:mt-0\"><span>Pojemno\u015b\u0107 akumulatora: <\/span><span class=\"font-semibold\">3200 mAh<\/span><\/div>\n<div class=\"mt-4 first:mt-0\"><span>Czas \u0142adowania: <\/span><span class=\"font-semibold\">5 godz.<\/span><\/div>\n<div class=\"mt-4 first:mt-0\"><span>Pojemno\u015b\u0107 zbiornika na wod\u0119: <\/span><span class=\"font-semibold\">0.25 l<\/span><\/div>\n<div class=\"mt-4 first:mt-0\"><span>Waga: <\/span><span class=\"font-semibold\">2.9 kg<\/span><\/div>\n<div class=\"mt-4 first:mt-0\"><span>Kolor: <\/span><span class=\"font-semibold\">bia\u0142y<\/span><\/div>\n<div data-spacer=\"\"><\/div>\n","protected":false},"featured_media":23660,"comment_status":"open","ping_status":"open","template":"","meta":{"_acf_changed":false},"product_brand":[1194],"product_cat":[1489],"product_tag":[],"class_list":{"0":"post-23659","1":"product","2":"type-product","3":"status-publish","4":"has-post-thumbnail","6":"product_brand-tesla","7":"product_cat-roboty-sprzatajace","8":"pa_moc-ssania-13000-pa","9":"pa_pojemnosc-akumulatora-3200-mah","10":"pa_stan-nowy","12":"first","13":"instock","14":"sold-individually","15":"taxable","16":"shipping-taxable","17":"purchasable","18":"product-type-simple"},"acf":[],"_links":{"self":[{"href":"https:\/\/swiatrtv.pl\/index.php\/wp-json\/wp\/v2\/product\/23659","targetHints":{"allow":["GET"]}}],"collection":[{"href":"https:\/\/swiatrtv.pl\/index.php\/wp-json\/wp\/v2\/product"}],"about":[{"href":"https:\/\/swiatrtv.pl\/index.php\/wp-json\/wp\/v2\/types\/product"}],"replies":[{"embeddable":true,"href":"https:\/\/swiatrtv.pl\/index.php\/wp-json\/wp\/v2\/comments?post=23659"}],"wp:featuredmedia":[{"embeddable":true,"href":"https:\/\/swiatrtv.pl\/index.php\/wp-json\/wp\/v2\/media\/23660"}],"wp:attachment":[{"href":"https:\/\/swiatrtv.pl\/index.php\/wp-json\/wp\/v2\/media?parent=23659"}],"wp:term":[{"taxonomy":"product_brand","embeddable":true,"href":"https:\/\/swiatrtv.pl\/index.php\/wp-json\/wp\/v2\/product_brand?post=23659"},{"taxonomy":"product_cat","embeddable":true,"href":"https:\/\/swiatrtv.pl\/index.php\/wp-json\/wp\/v2\/product_cat?post=23659"},{"taxonomy":"product_tag","embeddable":true,"href":"https:\/\/swiatrtv.pl\/index.php\/wp-json\/wp\/v2\/product_tag?post=23659"}],"curies":[{"name":"wp","href":"https:\/\/api.w.org\/{rel}","templated":true}]}}