{"id":23669,"date":"2026-04-03T02:53:27","date_gmt":"2026-04-03T02:53:27","guid":{"rendered":"http:\/\/ielektronik.pl\/index.php\/product\/xiaomi-hutt-ddc55-bialy\/"},"modified":"2026-04-07T09:56:32","modified_gmt":"2026-04-07T09:56:32","slug":"xiaomi-hutt-ddc55-bialy","status":"publish","type":"product","link":"https:\/\/swiatrtv.pl\/index.php\/product\/xiaomi-hutt-ddc55-bialy\/","title":{"rendered":"Xiaomi Hutt DDC55 bia\u0142y"},"content":{"rendered":"<div class=\"print:block!\">\n<div data-name=\"specsGroup\" class=\"mb-3 lg:mb-5 print:mb-8\">\n<h4 class=\"mb-1 p-1 text-left text-base font-semibold xl:p-2\">Dane techniczne<\/h4>\n<div class=\"grid grid-cols-2 text-sm odd:bg-white even:bg-gray-magnolia\">\n<div class=\"relative flex space-x-2 p-1 xl:p-2\"><span>Producent<\/span><!----><\/div>\n<div class=\"wrap-text p-1 font-semibold xl:p-2\">\n<p>Xiaomi<\/span><\/a><\/p>\n<\/div>\n<\/div>\n<div class=\"grid grid-cols-2 text-sm odd:bg-white even:bg-gray-magnolia\">\n<div class=\"relative flex space-x-2 p-1 xl:p-2\"><span>Gwarancja<\/span><!----><\/div>\n<div class=\"wrap-text p-1 font-semibold xl:p-2\">\n<p><span class=\"block\">2 lata w serwisie sprzedawcy<\/span><\/p>\n<\/div>\n<\/div>\n<div class=\"grid grid-cols-2 text-sm odd:bg-white even:bg-gray-magnolia\">\n<div class=\"relative flex space-x-2 p-1 xl:p-2\"><span>Grupa produktowa<\/span><!----><\/div>\n<div class=\"wrap-text p-1 font-semibold xl:p-2\">\n<p>span class=&#8221;block&#8221;>Roboty sprz\u0105taj\u0105ce Xiaomi<\/span><\/a><\/p>\n<\/div>\n<\/div>\n<div class=\"grid grid-cols-2 text-sm odd:bg-white even:bg-gray-magnolia\">\n<div class=\"relative flex space-x-2 p-1 xl:p-2\"><span>Rodzaj produktu<\/span><!----><\/div>\n<div class=\"wrap-text p-1 font-semibold xl:p-2\">\n<p>robot myj\u0105cy okna<\/span><\/a><\/p>\n<\/div>\n<\/div>\n<div class=\"grid grid-cols-2 text-sm odd:bg-white even:bg-gray-magnolia\">\n<div class=\"relative flex space-x-2 p-1 xl:p-2\"><span>Moc ssania<\/span><!----><\/div>\n<div class=\"wrap-text p-1 font-semibold xl:p-2\">\n<p><span class=\"block\">90 W<\/span><\/p>\n<\/div>\n<\/div>\n<div class=\"grid grid-cols-2 text-sm odd:bg-white even:bg-gray-magnolia\">\n<div class=\"relative flex space-x-2 p-1 xl:p-2\"><span>Moc ssania<\/span><!----><\/div>\n<div class=\"wrap-text p-1 font-semibold xl:p-2\">\n<p><span class=\"block\">3800 Pa<\/span><\/p>\n<\/div>\n<\/div>\n<div class=\"grid grid-cols-2 text-sm odd:bg-white even:bg-gray-magnolia\">\n<div class=\"relative flex space-x-2 p-1 xl:p-2\"><span>Pojemno\u015b\u0107 akumulatora<\/span><!----><\/div>\n<div class=\"wrap-text p-1 font-semibold xl:p-2\">\n<p><span class=\"block\">650 mAh<\/span><\/p>\n<\/div>\n<\/div>\n<div class=\"grid grid-cols-2 text-sm odd:bg-white even:bg-gray-magnolia\">\n<div class=\"relative flex space-x-2 p-1 xl:p-2\"><span>Poziom ha\u0142asu<\/span><!----><\/div>\n<div class=\"wrap-text p-1 font-semibold xl:p-2\">\n<p><span class=\"block\">65 dB<\/span><\/p>\n<\/div>\n<\/div>\n<div class=\"grid grid-cols-2 text-sm odd:bg-white even:bg-gray-magnolia\">\n<div class=\"relative flex space-x-2 p-1 xl:p-2\"><span>Model<\/span><!----><\/div>\n<div class=\"wrap-text p-1 font-semibold xl:p-2\">\n<p><span class=\"block\">Xiaomi Hutt DDC55<\/span><\/p>\n<\/div>\n<\/div>\n<div class=\"grid grid-cols-2 text-sm odd:bg-white even:bg-gray-magnolia\">\n<div class=\"relative flex space-x-2 p-1 xl:p-2\"><span>Kolor<\/span><!----><\/div>\n<div class=\"wrap-text p-1 font-semibold xl:p-2\">\n<p><span class=\"block\">bia\u0142y<\/span><\/p>\n<\/div>\n<\/div>\n<\/div>\n<div data-name=\"specsGroup\" class=\"mb-3 lg:mb-5 print:mb-8\">\n<h4 class=\"mb-1 p-1 text-left text-base font-semibold xl:p-2\">Wyr\u00f3\u017cnione<\/h4>\n<div class=\"grid grid-cols-2 text-sm odd:bg-white even:bg-gray-magnolia\">\n<div class=\"relative flex space-x-2 p-1 xl:p-2\"><span>Seria<\/span><!----><\/div>\n<div class=\"wrap-text p-1 font-semibold xl:p-2\">\n<p><span class=\"block\">Xiaomi Hutt<\/span><\/p>\n<\/div>\n<\/div>\n<\/div>\n<div data-name=\"specsGroup\" class=\"mb-3 lg:mb-5 print:mb-8\">\n<h4 class=\"mb-1 p-1 text-left text-base font-semibold xl:p-2\">Funkcje<\/h4>\n<div class=\"grid grid-cols-2 text-sm odd:bg-white even:bg-gray-magnolia\">\n<div class=\"relative flex space-x-2 p-1 xl:p-2\"><span>Wyposa\u017cenie standardowe<\/span><!----><\/div>\n<div class=\"wrap-text p-1 font-semibold xl:p-2\">\n<p><span class=\"block\">butelka na wod\u0119<\/span><\/p>\n<p><span class=\"block\">lina zabezpieczaj\u0105ca<\/span><\/p>\n<p><span class=\"block\">pilot zdalnego sterowania<\/span><\/p>\n<p><span class=\"block\">podstawa obrotowa (zainstalowana)<\/span><\/p>\n<p><span class=\"block\">\u015bciereczka do czyszczenia<\/span><\/p>\n<p><span class=\"block\">wtyczka<\/span><\/p>\n<p><span class=\"block\">zasilacz<\/span><\/p>\n<\/div>\n<\/div>\n<\/div>\n<div data-name=\"specsGroup\" class=\"mb-3 lg:mb-5 print:mb-8\">\n<h4 class=\"mb-1 p-1 text-left text-base font-semibold xl:p-2\">Dane fizyczne<\/h4>\n<div class=\"grid grid-cols-2 text-sm odd:bg-white even:bg-gray-magnolia\">\n<div class=\"relative flex space-x-2 p-1 xl:p-2\"><span>D\u0142ugo\u015b\u0107<\/span><!----><\/div>\n<div class=\"wrap-text p-1 font-semibold xl:p-2\">\n<p><span class=\"block\">29.2 cm<\/span><\/p>\n<\/div>\n<\/div>\n<div class=\"grid grid-cols-2 text-sm odd:bg-white even:bg-gray-magnolia\">\n<div class=\"relative flex space-x-2 p-1 xl:p-2\"><span>Szeroko\u015b\u0107<\/span><!----><\/div>\n<div class=\"wrap-text p-1 font-semibold xl:p-2\">\n<p><span class=\"block\">14.5 cm<\/span><\/p>\n<\/div>\n<\/div>\n<\/div>\n<div data-name=\"specsGroup\" class=\"mb-3 lg:mb-5 print:mb-8\">\n<h4 class=\"mb-1 p-1 text-left text-base font-semibold xl:p-2\">Producent<\/h4>\n<div class=\"grid grid-cols-2 text-sm odd:bg-white even:bg-gray-magnolia\">\n<div class=\"relative flex space-x-2 p-1 xl:p-2\"><span>Nazwa producenta \/ importera<\/span><!----><\/div>\n<div class=\"wrap-text p-1 font-semibold xl:p-2\">\n<p><span class=\"block\"><span id=\"id\">Xiaomi<\/span><br \/>\n                <span id=\"name\">Xiaomi Technology (Polska) Sp. z o.o.<\/span><br \/>\n                <span id=\"street\">ul. Post\u0119pu 14B<\/span><br \/>\n                <span id=\"postalCode\">02-676<\/span> <span id=\"city\">Warszawa<\/span><br \/>\n                <span id=\"country\">Polska<\/span><br \/>\n                <span id=\"countryCode\">PL<\/span><br \/>\n                <span id=\"email\">Email: service.pl@support.mi.com<\/span><\/span><\/p>\n<\/div>\n<\/div>\n<\/div>\n<\/div>\n","protected":false},"excerpt":{"rendered":"<p><!----><\/p>\n<div class=\"mt-4 first:mt-0\"><span>Moc ssania: <\/span><span class=\"font-semibold\">90 W<\/span><\/div>\n<div class=\"mt-4 first:mt-0\"><span>Moc ssania: <\/span><span class=\"font-semibold\">3800 Pa<\/span><\/div>\n<div class=\"mt-4 first:mt-0\"><span>Pojemno\u015b\u0107 akumulatora: <\/span><span class=\"font-semibold\">650 mAh<\/span><\/div>\n<div class=\"mt-4 first:mt-0\"><span>Poziom ha\u0142asu: <\/span><span class=\"font-semibold\">65 dB<\/span><\/div>\n<div class=\"mt-4 first:mt-0\"><span>Kolor: <\/span><span class=\"font-semibold\">bia\u0142y<\/span><\/div>\n<div data-spacer=\"\"><\/div>\n","protected":false},"featured_media":23670,"comment_status":"open","ping_status":"open","template":"","meta":{"_acf_changed":false},"product_brand":[138],"product_cat":[1489],"product_tag":[],"class_list":{"0":"post-23669","1":"product","2":"type-product","3":"status-publish","4":"has-post-thumbnail","6":"product_brand-xiaomi","7":"product_cat-roboty-sprzatajace","8":"pa_moc-ssania-90-w","9":"pa_pojemnosc-akumulatora-650-mah","10":"pa_stan-nowy","12":"first","13":"instock","14":"sold-individually","15":"taxable","16":"shipping-taxable","17":"purchasable","18":"product-type-simple"},"acf":[],"_links":{"self":[{"href":"https:\/\/swiatrtv.pl\/index.php\/wp-json\/wp\/v2\/product\/23669","targetHints":{"allow":["GET"]}}],"collection":[{"href":"https:\/\/swiatrtv.pl\/index.php\/wp-json\/wp\/v2\/product"}],"about":[{"href":"https:\/\/swiatrtv.pl\/index.php\/wp-json\/wp\/v2\/types\/product"}],"replies":[{"embeddable":true,"href":"https:\/\/swiatrtv.pl\/index.php\/wp-json\/wp\/v2\/comments?post=23669"}],"wp:featuredmedia":[{"embeddable":true,"href":"https:\/\/swiatrtv.pl\/index.php\/wp-json\/wp\/v2\/media\/23670"}],"wp:attachment":[{"href":"https:\/\/swiatrtv.pl\/index.php\/wp-json\/wp\/v2\/media?parent=23669"}],"wp:term":[{"taxonomy":"product_brand","embeddable":true,"href":"https:\/\/swiatrtv.pl\/index.php\/wp-json\/wp\/v2\/product_brand?post=23669"},{"taxonomy":"product_cat","embeddable":true,"href":"https:\/\/swiatrtv.pl\/index.php\/wp-json\/wp\/v2\/product_cat?post=23669"},{"taxonomy":"product_tag","embeddable":true,"href":"https:\/\/swiatrtv.pl\/index.php\/wp-json\/wp\/v2\/product_tag?post=23669"}],"curies":[{"name":"wp","href":"https:\/\/api.w.org\/{rel}","templated":true}]}}