{"id":24001,"date":"2026-04-03T02:55:00","date_gmt":"2026-04-03T02:55:00","guid":{"rendered":"http:\/\/ielektronik.pl\/index.php\/product\/mova-mobius-60\/"},"modified":"2026-04-07T09:56:14","modified_gmt":"2026-04-07T09:56:14","slug":"mova-mobius-60","status":"publish","type":"product","link":"https:\/\/swiatrtv.pl\/index.php\/product\/mova-mobius-60\/","title":{"rendered":"Mova Mobius 60"},"content":{"rendered":"<div class=\"print:block!\">\n<div data-name=\"specsGroup\" class=\"mb-3 lg:mb-5 print:mb-8\">\n<h4 class=\"mb-1 p-1 text-left text-base font-semibold xl:p-2\">Dane techniczne<\/h4>\n<div class=\"grid grid-cols-2 text-sm odd:bg-white even:bg-gray-magnolia\">\n<div class=\"relative flex space-x-2 p-1 xl:p-2\"><span>Producent<\/span><!----><\/div>\n<div class=\"wrap-text p-1 font-semibold xl:p-2\">\n<p>Mova<\/span><\/a><\/p>\n<\/div>\n<\/div>\n<div class=\"grid grid-cols-2 text-sm odd:bg-white even:bg-gray-magnolia\">\n<div class=\"relative flex space-x-2 p-1 xl:p-2\"><span>Gwarancja<\/span><\/p>\n<div data-role=\"tooltip\" class=\"group\/tooltip relative z-10 flex h-fit items-center print:hidden\"><i class=\"i-information text-blue-clear i-information\"><\/i><\/p>\n<div class=\"tooltip-text w-52 lg:w-64 -right-2 translate-x-full tooltip-right\">\n<div>Okres gwarancyjny dotyczy konsument\u00f3w kupuj\u0105cych produkt na w\u0142asny u\u017cytek. Szczeg\u00f3\u0142owe informacje na temat ogranicze\u0144 i wy\u0142\u0105cze\u0144 gwarancji znajduj\u0105 si\u0119 w regulaminie<\/a>.<\/div>\n<\/div>\n<\/div>\n<\/div>\n<div class=\"wrap-text p-1 font-semibold xl:p-2\">\n<p><span class=\"block\">2 lata w serwisie zewn\u0119trznym<\/span><\/p>\n<\/div>\n<\/div>\n<div class=\"grid grid-cols-2 text-sm odd:bg-white even:bg-gray-magnolia\">\n<div class=\"relative flex space-x-2 p-1 xl:p-2\"><span>Rodzaj produktu<\/span><!----><\/div>\n<div class=\"wrap-text p-1 font-semibold xl:p-2\">\n<p><span class=\"block\">robot mopuj\u0105cy<\/span><\/p>\n<p><span class=\"block\">robot odkurzaj\u0105cy<\/span><\/p>\n<\/div>\n<\/div>\n<div class=\"grid grid-cols-2 text-sm odd:bg-white even:bg-gray-magnolia\">\n<div class=\"relative flex space-x-2 p-1 xl:p-2\"><span>Moc ssania<\/span><!----><\/div>\n<div class=\"wrap-text p-1 font-semibold xl:p-2\">\n<p><span class=\"block\">26000 Pa<\/span><\/p>\n<\/div>\n<\/div>\n<div class=\"grid grid-cols-2 text-sm odd:bg-white even:bg-gray-magnolia\">\n<div class=\"relative flex space-x-2 p-1 xl:p-2\"><span>Pojemno\u015b\u0107 akumulatora<\/span><!----><\/div>\n<div class=\"wrap-text p-1 font-semibold xl:p-2\">\n<p><span class=\"block\">6400 mAh<\/span><\/p>\n<\/div>\n<\/div>\n<div class=\"grid grid-cols-2 text-sm odd:bg-white even:bg-gray-magnolia\">\n<div class=\"relative flex space-x-2 p-1 xl:p-2\"><span>Czas pracy<\/span><!----><\/div>\n<div class=\"wrap-text p-1 font-semibold xl:p-2\">\n<p><span class=\"block\">205 min<\/span><\/p>\n<\/div>\n<\/div>\n<div class=\"grid grid-cols-2 text-sm odd:bg-white even:bg-gray-magnolia\">\n<div class=\"relative flex space-x-2 p-1 xl:p-2\"><span>Pojemno\u015b\u0107 zbiornika na kurz<\/span><!----><\/div>\n<div class=\"wrap-text p-1 font-semibold xl:p-2\">\n<p><span class=\"block\">0.3 l<\/span><\/p>\n<\/div>\n<\/div>\n<div class=\"grid grid-cols-2 text-sm odd:bg-white even:bg-gray-magnolia\">\n<div class=\"relative flex space-x-2 p-1 xl:p-2\"><span>Pojemno\u015b\u0107 zbiornika na wod\u0119<\/span><!----><\/div>\n<div class=\"wrap-text p-1 font-semibold xl:p-2\">\n<p><span class=\"block\">0.07 l<\/span><\/p>\n<\/div>\n<\/div>\n<div class=\"grid grid-cols-2 text-sm odd:bg-white even:bg-gray-magnolia\">\n<div class=\"relative flex space-x-2 p-1 xl:p-2\"><span>Pojemno\u015b\u0107 zbiornika w stacji  na wod\u0119 czyst\u0105<\/span><!----><\/div>\n<div class=\"wrap-text p-1 font-semibold xl:p-2\">\n<p><span class=\"block\">5 l<\/span><\/p>\n<\/div>\n<\/div>\n<div class=\"grid grid-cols-2 text-sm odd:bg-white even:bg-gray-magnolia\">\n<div class=\"relative flex space-x-2 p-1 xl:p-2\"><span>Pojemno\u015b\u0107 zbiornika w stacji  na wod\u0119 brudn\u0105<\/span><!----><\/div>\n<div class=\"wrap-text p-1 font-semibold xl:p-2\">\n<p><span class=\"block\">4.5 l<\/span><\/p>\n<\/div>\n<\/div>\n<div class=\"grid grid-cols-2 text-sm odd:bg-white even:bg-gray-magnolia\">\n<div class=\"relative flex space-x-2 p-1 xl:p-2\"><span>Wsp\u00f3\u0142praca z systemami<\/span><!----><\/div>\n<div class=\"wrap-text p-1 font-semibold xl:p-2\">\n<p><span class=\"block\">Amazon Alexa<\/span><\/p>\n<p><span class=\"block\">Asystent Google<\/span><\/p>\n<p><span class=\"block\">Siri<\/span><\/p>\n<\/div>\n<\/div>\n<div class=\"grid grid-cols-2 text-sm odd:bg-white even:bg-gray-magnolia\">\n<div class=\"relative flex space-x-2 p-1 xl:p-2\"><span>Model<\/span><!----><\/div>\n<div class=\"wrap-text p-1 font-semibold xl:p-2\">\n<p><span class=\"block\">Mova Mobius 60<\/span><\/p>\n<\/div>\n<\/div>\n<div class=\"grid grid-cols-2 text-sm odd:bg-white even:bg-gray-magnolia\">\n<div class=\"relative flex space-x-2 p-1 xl:p-2\"><span>Kolor<\/span><!----><\/div>\n<div class=\"wrap-text p-1 font-semibold xl:p-2\">\n<p><span class=\"block\">czarny<\/span><\/p>\n<\/div>\n<\/div>\n<\/div>\n<div data-name=\"specsGroup\" class=\"mb-3 lg:mb-5 print:mb-8\">\n<h4 class=\"mb-1 p-1 text-left text-base font-semibold xl:p-2\">Wyr\u00f3\u017cnione<\/h4>\n<div class=\"grid grid-cols-2 text-sm odd:bg-white even:bg-gray-magnolia\">\n<div class=\"relative flex space-x-2 p-1 xl:p-2\"><span>Seria<\/span><!----><\/div>\n<div class=\"wrap-text p-1 font-semibold xl:p-2\">\n<p><span class=\"block\">Mova Mobius<\/span><\/p>\n<\/div>\n<\/div>\n<\/div>\n<div data-name=\"specsGroup\" class=\"mb-3 lg:mb-5 print:mb-8\">\n<h4 class=\"mb-1 p-1 text-left text-base font-semibold xl:p-2\">Funkcje<\/h4>\n<div class=\"grid grid-cols-2 text-sm odd:bg-white even:bg-gray-magnolia\">\n<div class=\"relative flex space-x-2 p-1 xl:p-2\"><span>Rodzaj filtr\u00f3w<\/span><!----><\/div>\n<div class=\"wrap-text p-1 font-semibold xl:p-2\">\n<p><span class=\"block\">HEPA<\/span><\/p>\n<\/div>\n<\/div>\n<div class=\"grid grid-cols-2 text-sm odd:bg-white even:bg-gray-magnolia\">\n<div class=\"relative flex space-x-2 p-1 xl:p-2\"><span>Zastosowane technologie<\/span><!----><\/div>\n<div class=\"wrap-text p-1 font-semibold xl:p-2\">\n<p><span class=\"block\">FlexiRise Navigation<\/span><\/p>\n<\/div>\n<\/div>\n<div class=\"grid grid-cols-2 text-sm odd:bg-white even:bg-gray-magnolia\">\n<div class=\"relative flex space-x-2 p-1 xl:p-2\"><span>Wyposa\u017cenie standardowe<\/span><!----><\/div>\n<div class=\"wrap-text p-1 font-semibold xl:p-2\">\n<p><span class=\"block\">kabel zasilaj\u0105cy<\/span><\/p>\n<p><span class=\"block\">pady mopuj\u0105ce<\/span><\/p>\n<p><span class=\"block\">pokrywa szczotki<\/span><\/p>\n<p><span class=\"block\">przed\u0142u\u017cenie rampy stacji dokuj\u0105cej<\/span><\/p>\n<p><span class=\"block\">p\u0142yn do mycia pod\u0142\u00f3g<\/span><\/p>\n<p><span class=\"block\">p\u0142yn eliminuj\u0105cy zapach zwierz\u0105t<\/span><\/p>\n<p><span class=\"block\">stacja dokuj\u0105ca<\/span><\/p>\n<p><span class=\"block\">szczotka boczna<\/span><\/p>\n<p><span class=\"block\">szczotka g\u0142\u00f3wna<\/span><\/p>\n<p><span class=\"block\">uchwyty na pady mopuj\u0105ce<\/span><\/p>\n<p><span class=\"block\">worek na kurz<\/span><\/p>\n<p><span class=\"block\">zbiornik na kurz<\/span><\/p>\n<\/div>\n<\/div>\n<\/div>\n<div data-name=\"specsGroup\" class=\"mb-3 lg:mb-5 print:mb-8\">\n<h4 class=\"mb-1 p-1 text-left text-base font-semibold xl:p-2\">Producent<\/h4>\n<div class=\"grid grid-cols-2 text-sm odd:bg-white even:bg-gray-magnolia\">\n<div class=\"relative flex space-x-2 p-1 xl:p-2\"><span>Nazwa producenta \/ importera<\/span><!----><\/div>\n<div class=\"wrap-text p-1 font-semibold xl:p-2\">\n<p><span class=\"block\"><span id=\"id\">Mova<\/span><br \/>\n                <span id=\"name\">INNPRO Robert B\u0142\u0119dowski sp. z o. o.<\/span><br \/>\n                <span id=\"street\">Rudzka 65C<\/span><br \/>\n                <span id=\"postalCode\">44-200 <\/span> <span id=\"city\">Rybnik<\/span><br \/>\n                <span id=\"country\">Polska<\/span><br \/>\n                <span id=\"countryCode\">PL<\/span><br \/>\n                <span id=\"email\">Email: zgloszenia@innpro.pl<\/span><\/span><\/p>\n<\/div>\n<\/div>\n<\/div>\n<\/div>\n","protected":false},"excerpt":{"rendered":"<p><!----><\/p>\n<div class=\"mt-4 first:mt-0\"><span>Moc ssania: <\/span><span class=\"font-semibold\">26000 Pa<\/span><\/div>\n<div class=\"mt-4 first:mt-0\"><span>Pojemno\u015b\u0107 akumulatora: <\/span><span class=\"font-semibold\">6400 mAh<\/span><\/div>\n<div class=\"mt-4 first:mt-0\"><span>Czas pracy: <\/span><span class=\"font-semibold\">205 min<\/span><\/div>\n<div class=\"mt-4 first:mt-0\"><span>Pojemno\u015b\u0107 zbiornika na kurz: <\/span><span class=\"font-semibold\">0.3 l<\/span><\/div>\n<div class=\"mt-4 first:mt-0\"><span>Pojemno\u015b\u0107 zbiornika na wod\u0119: <\/span><span class=\"font-semibold\">0.07 l<\/span><\/div>\n<div class=\"mt-4 first:mt-0\"><span>Kolor: <\/span><span class=\"font-semibold\">czarny<\/span><\/div>\n<div data-spacer=\"\"><\/div>\n","protected":false},"featured_media":24002,"comment_status":"open","ping_status":"open","template":"","meta":{"_acf_changed":false},"product_brand":[1211],"product_cat":[1489],"product_tag":[],"class_list":{"0":"post-24001","1":"product","2":"type-product","3":"status-publish","4":"has-post-thumbnail","6":"product_brand-mova","7":"product_cat-roboty-sprzatajace","8":"pa_czas-pracy-205-min","9":"pa_moc-ssania-26000-pa","10":"pa_pojemnosc-akumulatora-6400-mah","11":"pa_pojemnosc-pojemnika-na-kurz-0-3-l","12":"pa_stan-nowy","14":"first","15":"instock","16":"sold-individually","17":"taxable","18":"shipping-taxable","19":"purchasable","20":"product-type-simple"},"acf":[],"_links":{"self":[{"href":"https:\/\/swiatrtv.pl\/index.php\/wp-json\/wp\/v2\/product\/24001","targetHints":{"allow":["GET"]}}],"collection":[{"href":"https:\/\/swiatrtv.pl\/index.php\/wp-json\/wp\/v2\/product"}],"about":[{"href":"https:\/\/swiatrtv.pl\/index.php\/wp-json\/wp\/v2\/types\/product"}],"replies":[{"embeddable":true,"href":"https:\/\/swiatrtv.pl\/index.php\/wp-json\/wp\/v2\/comments?post=24001"}],"wp:featuredmedia":[{"embeddable":true,"href":"https:\/\/swiatrtv.pl\/index.php\/wp-json\/wp\/v2\/media\/24002"}],"wp:attachment":[{"href":"https:\/\/swiatrtv.pl\/index.php\/wp-json\/wp\/v2\/media?parent=24001"}],"wp:term":[{"taxonomy":"product_brand","embeddable":true,"href":"https:\/\/swiatrtv.pl\/index.php\/wp-json\/wp\/v2\/product_brand?post=24001"},{"taxonomy":"product_cat","embeddable":true,"href":"https:\/\/swiatrtv.pl\/index.php\/wp-json\/wp\/v2\/product_cat?post=24001"},{"taxonomy":"product_tag","embeddable":true,"href":"https:\/\/swiatrtv.pl\/index.php\/wp-json\/wp\/v2\/product_tag?post=24001"}],"curies":[{"name":"wp","href":"https:\/\/api.w.org\/{rel}","templated":true}]}}