{"id":24188,"date":"2026-04-03T03:02:27","date_gmt":"2026-04-03T03:02:27","guid":{"rendered":"http:\/\/ielektronik.pl\/index.php\/product\/kenwood-titanium-chef-kvc85-004si\/"},"modified":"2026-04-07T09:56:04","modified_gmt":"2026-04-07T09:56:04","slug":"kenwood-titanium-chef-kvc85-004si","status":"publish","type":"product","link":"https:\/\/swiatrtv.pl\/index.php\/product\/kenwood-titanium-chef-kvc85-004si\/","title":{"rendered":"Kenwood Titanium Chef KVC85.004SI"},"content":{"rendered":"<div class=\"print:block!\">\n<div data-name=\"specsGroup\" class=\"mb-3 lg:mb-5 print:mb-8\">\n<h4 class=\"mb-1 p-1 text-left text-base font-semibold xl:p-2\">Dane techniczne<\/h4>\n<div class=\"grid grid-cols-2 text-sm odd:bg-white even:bg-gray-magnolia\">\n<div class=\"relative flex space-x-2 p-1 xl:p-2\"><span>Producent<\/span><!----><\/div>\n<div class=\"wrap-text p-1 font-semibold xl:p-2\">\n<p>Kenwood<\/span><\/a><\/p>\n<\/div>\n<\/div>\n<div class=\"grid grid-cols-2 text-sm odd:bg-white even:bg-gray-magnolia\">\n<div class=\"relative flex space-x-2 p-1 xl:p-2\"><span>Gwarancja<\/span><\/p>\n<div data-role=\"tooltip\" class=\"group\/tooltip relative z-10 flex h-fit items-center print:hidden\"><i class=\"i-information text-blue-clear i-information\"><\/i><\/p>\n<div class=\"tooltip-text w-52 lg:w-64 -right-2 translate-x-full tooltip-right\">\n<div>Okres gwarancyjny dotyczy konsument\u00f3w kupuj\u0105cych produkt na w\u0142asny u\u017cytek. Szczeg\u00f3\u0142owe informacje na temat ogranicze\u0144 i wy\u0142\u0105cze\u0144 gwarancji znajduj\u0105 si\u0119 w regulaminie<\/a>.<\/div>\n<\/div>\n<\/div>\n<\/div>\n<div class=\"wrap-text p-1 font-semibold xl:p-2\">\n<p><span class=\"block\">2 lata w serwisie zewn\u0119trznym<\/span><\/p>\n<\/div>\n<\/div>\n<div class=\"grid grid-cols-2 text-sm odd:bg-white even:bg-gray-magnolia\">\n<div class=\"relative flex space-x-2 p-1 xl:p-2\"><span>Grupa produktowa<\/span><!----><\/div>\n<div class=\"wrap-text p-1 font-semibold xl:p-2\">\n<p>span class=&#8221;block&#8221;>Roboty kuchenne Kenwood<\/span><\/a><\/p>\n<\/div>\n<\/div>\n<div class=\"grid grid-cols-2 text-sm odd:bg-white even:bg-gray-magnolia\">\n<div class=\"relative flex space-x-2 p-1 xl:p-2\"><span>Moc<\/span><!----><\/div>\n<div class=\"wrap-text p-1 font-semibold xl:p-2\">\n<p><span class=\"block\">1200 W<\/span><\/p>\n<\/div>\n<\/div>\n<div class=\"grid grid-cols-2 text-sm odd:bg-white even:bg-gray-magnolia\">\n<div class=\"relative flex space-x-2 p-1 xl:p-2\"><span>Tryb pulsacyjny<\/span><!----><\/div>\n<div class=\"wrap-text p-1 font-semibold xl:p-2\">\n<p>tak<\/span><\/a><\/p>\n<\/div>\n<\/div>\n<div class=\"grid grid-cols-2 text-sm odd:bg-white even:bg-gray-magnolia\">\n<div class=\"relative flex space-x-2 p-1 xl:p-2\"><span>Inne<\/span><!----><\/div>\n<div class=\"wrap-text p-1 font-semibold xl:p-2\">\n<p><span class=\"block\">p\u0142ynna regulacja pr\u0119dko\u015bci<\/span><\/p>\n<p><span class=\"block\">wbudowana waga<\/span><\/p>\n<\/div>\n<\/div>\n<div class=\"grid grid-cols-2 text-sm odd:bg-white even:bg-gray-magnolia\">\n<div class=\"relative flex space-x-2 p-1 xl:p-2\"><span>Pojemno\u015b\u0107 misy<\/span><!----><\/div>\n<div class=\"wrap-text p-1 font-semibold xl:p-2\">\n<p><span class=\"block\">5 l<\/span><\/p>\n<\/div>\n<\/div>\n<div class=\"grid grid-cols-2 text-sm odd:bg-white even:bg-gray-magnolia\">\n<div class=\"relative flex space-x-2 p-1 xl:p-2\"><span>Za\u0142\u0105czone wyposa\u017cenie<\/span><!----><\/div>\n<div class=\"wrap-text p-1 font-semibold xl:p-2\">\n<p><span class=\"block\">mieszad\u0142o &#8220;K&#8221;<\/span><\/p>\n<p><span class=\"block\">mieszad\u0142o do ubijania<\/span><\/p>\n<p><span class=\"block\">mieszad\u0142o do wyrabiania ciasta<\/span><\/p>\n<p><span class=\"block\">mieszad\u0142o elastyczne<\/span><\/p>\n<\/div>\n<\/div>\n<div class=\"grid grid-cols-2 text-sm odd:bg-white even:bg-gray-magnolia\">\n<div class=\"relative flex space-x-2 p-1 xl:p-2\"><span>Kolor<\/span><!----><\/div>\n<div class=\"wrap-text p-1 font-semibold xl:p-2\">\n<p><span class=\"block\">srebrny<\/span><\/p>\n<\/div>\n<\/div>\n<div class=\"grid grid-cols-2 text-sm odd:bg-white even:bg-gray-magnolia\">\n<div class=\"relative flex space-x-2 p-1 xl:p-2\"><span>Seria<\/span><!----><\/div>\n<div class=\"wrap-text p-1 font-semibold xl:p-2\">\n<p><span class=\"block\">Kenwood Titanium Chef Baker<\/span><\/p>\n<\/div>\n<\/div>\n<div class=\"grid grid-cols-2 text-sm odd:bg-white even:bg-gray-magnolia\">\n<div class=\"relative flex space-x-2 p-1 xl:p-2\"><span>Model<\/span><!----><\/div>\n<div class=\"wrap-text p-1 font-semibold xl:p-2\">\n<p><span class=\"block\">Kenwood Titanium Chef KVC85.004SI<\/span><\/p>\n<\/div>\n<\/div>\n<\/div>\n<div data-name=\"specsGroup\" class=\"mb-3 lg:mb-5 print:mb-8\">\n<h4 class=\"mb-1 p-1 text-left text-base font-semibold xl:p-2\">Producent<\/h4>\n<div class=\"grid grid-cols-2 text-sm odd:bg-white even:bg-gray-magnolia\">\n<div class=\"relative flex space-x-2 p-1 xl:p-2\"><span>Nazwa producenta \/ importera<\/span><!----><\/div>\n<div class=\"wrap-text p-1 font-semibold xl:p-2\">\n<p><span class=\"block\"><span id=\"id\">Kenwood<\/span><br \/>\n                <span id=\"name\">DE&#8217; LONGHI POLSKA SP\u00d3\u0141KA Z OGRANICZON\u0104 ODPOWIEDZIALNO\u015aCI\u0104<\/span><br \/>\n                <span id=\"street\">Pu\u0142awska 303<\/span><br \/>\n                <span id=\"postalCode\">02-785<\/span> <span id=\"city\">Warszawa<\/span><br \/>\n                <span id=\"country\">Polska<\/span><br \/>\n                <span id=\"countryCode\">PL<\/span><br \/>\n                <span id=\"email\">Email: support.delonghi.pl@delonghigroup.com<\/span><\/span><\/p>\n<\/div>\n<\/div>\n<\/div>\n<\/div>\n","protected":false},"excerpt":{"rendered":"<p><!----><\/p>\n<div class=\"mt-4 first:mt-0\"><span>Moc: <\/span><span class=\"font-semibold\">1200 W<\/span><\/div>\n<div class=\"mt-4 first:mt-0\"><span>Tryb pulsacyjny: <\/span><span class=\"font-semibold\">tak<\/span><\/div>\n<div class=\"mt-4 first:mt-0\"><span>Pojemno\u015b\u0107 misy: <\/span><span class=\"font-semibold\">5 l<\/span><\/div>\n<div class=\"mt-4 first:mt-0\"><span>Kolor: <\/span><span class=\"font-semibold\">srebrny<\/span><\/div>\n<div class=\"mt-4 first:mt-0\"><span>Inne: <\/span><span class=\"font-semibold\">p\u0142ynna regulacja pr\u0119dko\u015bci, wbudowana waga<\/span><\/div>\n<div data-spacer=\"\"><\/div>\n","protected":false},"featured_media":24189,"comment_status":"open","ping_status":"open","template":"","meta":{"_acf_changed":false},"product_brand":[1686],"product_cat":[1679],"product_tag":[],"class_list":{"0":"post-24188","1":"product","2":"type-product","3":"status-publish","4":"has-post-thumbnail","6":"product_brand-kenwood","7":"product_cat-roboty-kuchenne","8":"pa_inne-plynna-regulacja-predkosci-wbudowana-waga","9":"pa_moc-1200-w","10":"pa_pojemnosc-misy-5-l","11":"pa_stan-nowy","12":"pa_tryb-pracy-tak","14":"first","15":"instock","16":"sold-individually","17":"taxable","18":"shipping-taxable","19":"purchasable","20":"product-type-simple"},"acf":[],"_links":{"self":[{"href":"https:\/\/swiatrtv.pl\/index.php\/wp-json\/wp\/v2\/product\/24188","targetHints":{"allow":["GET"]}}],"collection":[{"href":"https:\/\/swiatrtv.pl\/index.php\/wp-json\/wp\/v2\/product"}],"about":[{"href":"https:\/\/swiatrtv.pl\/index.php\/wp-json\/wp\/v2\/types\/product"}],"replies":[{"embeddable":true,"href":"https:\/\/swiatrtv.pl\/index.php\/wp-json\/wp\/v2\/comments?post=24188"}],"wp:featuredmedia":[{"embeddable":true,"href":"https:\/\/swiatrtv.pl\/index.php\/wp-json\/wp\/v2\/media\/24189"}],"wp:attachment":[{"href":"https:\/\/swiatrtv.pl\/index.php\/wp-json\/wp\/v2\/media?parent=24188"}],"wp:term":[{"taxonomy":"product_brand","embeddable":true,"href":"https:\/\/swiatrtv.pl\/index.php\/wp-json\/wp\/v2\/product_brand?post=24188"},{"taxonomy":"product_cat","embeddable":true,"href":"https:\/\/swiatrtv.pl\/index.php\/wp-json\/wp\/v2\/product_cat?post=24188"},{"taxonomy":"product_tag","embeddable":true,"href":"https:\/\/swiatrtv.pl\/index.php\/wp-json\/wp\/v2\/product_tag?post=24188"}],"curies":[{"name":"wp","href":"https:\/\/api.w.org\/{rel}","templated":true}]}}